{"id":1318,"date":"2022-12-15T16:56:31","date_gmt":"2022-12-15T15:56:31","guid":{"rendered":"https:\/\/malcanton.ch\/privacy-policy-2\/"},"modified":"2023-02-05T10:51:37","modified_gmt":"2023-02-05T09:51:37","slug":"datenschutzbestimmungen","status":"publish","type":"page","link":"https:\/\/malcanton.ch\/de\/datenschutzbestimmungen\/","title":{"rendered":"Datenschutzbestimmungen"},"content":{"rendered":"<p>Wir k\u00fcmmern uns um Ihre Privatsph\u00e4re, so wie wir uns um unsere eigene k\u00fcmmern.<\/p>\n\n\n\n<p>Es ist ein Versprechen. <\/p>\n\n\n\n<p>Um das zu gew\u00e4hrleisten, brauchen wir keine sechs Seiten in \"Juristisch\".<\/p>","protected":false},"excerpt":{"rendered":"<p>Ci cureremo della vostra privacy come ci curiamo della nostra. \u00c8 una promessa. Non ci servono 6 pagine in &#8220;avvocatese&#8221; per garantirvi ci\u00f2.<\/p>","protected":false},"author":80,"featured_media":0,"parent":0,"menu_order":0,"comment_status":"closed","ping_status":"closed","template":"","meta":{"footnotes":""},"class_list":["post-1318","page","type-page","status-publish","hentry"],"_links":{"self":[{"href":"https:\/\/malcanton.ch\/de\/wp-json\/wp\/v2\/pages\/1318","targetHints":{"allow":["GET"]}}],"collection":[{"href":"https:\/\/malcanton.ch\/de\/wp-json\/wp\/v2\/pages"}],"about":[{"href":"https:\/\/malcanton.ch\/de\/wp-json\/wp\/v2\/types\/page"}],"author":[{"embeddable":true,"href":"https:\/\/malcanton.ch\/de\/wp-json\/wp\/v2\/users\/80"}],"replies":[{"embeddable":true,"href":"https:\/\/malcanton.ch\/de\/wp-json\/wp\/v2\/comments?post=1318"}],"version-history":[{"count":0,"href":"https:\/\/malcanton.ch\/de\/wp-json\/wp\/v2\/pages\/1318\/revisions"}],"wp:attachment":[{"href":"https:\/\/malcanton.ch\/de\/wp-json\/wp\/v2\/media?parent=1318"}],"curies":[{"name":"wp","href":"https:\/\/api.w.org\/{rel}","templated":true}]}}