{"id":2998,"date":"2024-11-14T16:45:32","date_gmt":"2024-11-14T15:45:32","guid":{"rendered":"https:\/\/malcanton.ch\/?post_type=product&#038;p=2998"},"modified":"2025-01-06T11:38:48","modified_gmt":"2025-01-06T10:38:48","slug":"genesa","status":"publish","type":"product","link":"https:\/\/malcanton.ch\/de\/produkt\/genesa\/","title":{"rendered":"Genesa"},"content":{"rendered":"<p>100% hochwertiges reines Kupfer<\/p>\n<p>Breite des Bandes: 25 mm (2,5 cm)<\/p>\n<p>Der Genesa-Kristall ist ein Orgonger\u00e4t, das auf den Prinzipien der heiligen archetypischen Geometrie beruht.<\/p>\n<p>Er wird \"Kristall\" genannt, weil seine geometrische Form der eines nat\u00fcrlichen Kristalls \u00e4hnelt. Er wirkt wie ein gro\u00dfer nat\u00fcrlicher Kristall und erzeugt einen starken Energiewirbel. Das Genesa wirkt wie eine Antenne, die in der Lage ist, die umgebende Energie anzuziehen, zu reinigen und zu verst\u00e4rken. Es wurde entwickelt, um den negativen Auswirkungen des Elektrosmogs entgegenzuwirken, die Meditation zu f\u00f6rdern und das Energiefeld von Menschen und Umgebung zu harmonisieren.<\/p>","protected":false},"excerpt":{"rendered":"<p>Das Genesa wirkt wie eine Antenne, die in der Lage ist, die Energie der Umgebung anzuziehen, zu reinigen und zu verst\u00e4rken. Es wurde entwickelt, um den negativen Auswirkungen des Elektrosmogs entgegenzuwirken, die Meditation zu f\u00f6rdern und das Energiefeld von Menschen und Umgebungen zu harmonisieren.<\/p>","protected":false},"featured_media":3001,"template":"","meta":[],"product_brand":[],"product_cat":[223],"product_tag":[],"class_list":{"0":"post-2998","1":"product","2":"type-product","3":"status-publish","4":"has-post-thumbnail","6":"product_cat-artigianato","7":"product_shipping_class-pacco","9":"first","10":"instock","11":"shipping-taxable","12":"purchasable","13":"product-type-variable"},"_links":{"self":[{"href":"https:\/\/malcanton.ch\/de\/wp-json\/wp\/v2\/product\/2998","targetHints":{"allow":["GET"]}}],"collection":[{"href":"https:\/\/malcanton.ch\/de\/wp-json\/wp\/v2\/product"}],"about":[{"href":"https:\/\/malcanton.ch\/de\/wp-json\/wp\/v2\/types\/product"}],"wp:featuredmedia":[{"embeddable":true,"href":"https:\/\/malcanton.ch\/de\/wp-json\/wp\/v2\/media\/3001"}],"wp:attachment":[{"href":"https:\/\/malcanton.ch\/de\/wp-json\/wp\/v2\/media?parent=2998"}],"wp:term":[{"taxonomy":"product_brand","embeddable":true,"href":"https:\/\/malcanton.ch\/de\/wp-json\/wp\/v2\/product_brand?post=2998"},{"taxonomy":"product_cat","embeddable":true,"href":"https:\/\/malcanton.ch\/de\/wp-json\/wp\/v2\/product_cat?post=2998"},{"taxonomy":"product_tag","embeddable":true,"href":"https:\/\/malcanton.ch\/de\/wp-json\/wp\/v2\/product_tag?post=2998"}],"curies":[{"name":"wp","href":"https:\/\/api.w.org\/{rel}","templated":true}]}}