{"id":3003,"date":"2024-11-14T16:50:39","date_gmt":"2024-11-14T15:50:39","guid":{"rendered":"https:\/\/malcanton.ch\/?post_type=product&#038;p=3003"},"modified":"2025-01-06T11:29:48","modified_gmt":"2025-01-06T10:29:48","slug":"reinigungsmilch-mit-damaszener-rose-und-kamille-mit-amethystkristall","status":"publish","type":"product","link":"https:\/\/malcanton.ch\/de\/produkt\/reinigungsmilch-mit-damaszener-rose-und-kamille-mit-amethystkristall\/","title":{"rendered":"Reinigungsmittel mit Damaszener Rose und Kamille"},"content":{"rendered":"<p>Machen Sie Ihre Reinigungsroutine angenehmer mit unserer Reinigungsmilch, die mit Damaszener Rosenhydrolat und S\u00fc\u00dfmandel\u00f6l angereichert ist.<br \/>\nDieses sanfte und wirksame Reinigungsmittel f\u00fcr alle Hauttypen entfernt Unreinheiten und Make-up-R\u00fcckst\u00e4nde und hinterl\u00e4sst die Haut frisch, weich und gut durchfeuchtet.<br \/>\n\u00c4therische \u00d6le aus Damaszener Rose, Kamille und Nelke sorgen f\u00fcr eine beruhigende und regenerierende Wirkung sowie f\u00fcr einen entspannenden Duft, der die Reinigung zu einem Moment des Wohlbefindens macht.<\/p>\n<p>Mit diesem Produkt erhalten Sie einen Amethysten.<\/p>\n<p>Dank seines hohen Siliziumgehalts ist dieser tiefviolette Stein in der Lage, das Wohlbefinden des Immunsystems des Benutzers zu f\u00f6rdern. Er tr\u00e4gt auch zu einer besseren Sauerstoffversorgung des Blutes bei und eignet sich besonders zur Linderung von Stress und Arthritisschmerzen.<\/p>\n<p>Es wird empfohlen, den Kristall mit einer Pinzette anzufassen, ohne ihn direkt mit den H\u00e4nden zu ber\u00fchren, um ihn in die Creme einzuf\u00fchren. Das Produkt ist f\u00fcr den t\u00e4glichen Gebrauch bereit und es wird empfohlen, den Kristall in der Verpackung zu lassen, bis das Produkt aufgebraucht ist.<\/p>","protected":false},"excerpt":{"rendered":"<p><span style=\"vertical-align: inherit;\"><span style=\"vertical-align: inherit;\">Machen Sie Ihre Reinigungsroutine angenehmer mit unserer Reinigungsmilch, die mit Damaszener Rosenhydrolat und S\u00fc\u00dfmandel\u00f6l angereichert ist.<\/span><\/span><\/p>","protected":false},"featured_media":3004,"template":"","meta":[],"product_brand":[],"product_cat":[204],"product_tag":[],"class_list":{"0":"post-3003","1":"product","2":"type-product","3":"status-publish","4":"has-post-thumbnail","6":"product_cat-cura-del-corpo","7":"product_shipping_class-pacco","9":"first","10":"instock","11":"shipping-taxable","12":"purchasable","13":"product-type-simple"},"_links":{"self":[{"href":"https:\/\/malcanton.ch\/de\/wp-json\/wp\/v2\/product\/3003","targetHints":{"allow":["GET"]}}],"collection":[{"href":"https:\/\/malcanton.ch\/de\/wp-json\/wp\/v2\/product"}],"about":[{"href":"https:\/\/malcanton.ch\/de\/wp-json\/wp\/v2\/types\/product"}],"wp:featuredmedia":[{"embeddable":true,"href":"https:\/\/malcanton.ch\/de\/wp-json\/wp\/v2\/media\/3004"}],"wp:attachment":[{"href":"https:\/\/malcanton.ch\/de\/wp-json\/wp\/v2\/media?parent=3003"}],"wp:term":[{"taxonomy":"product_brand","embeddable":true,"href":"https:\/\/malcanton.ch\/de\/wp-json\/wp\/v2\/product_brand?post=3003"},{"taxonomy":"product_cat","embeddable":true,"href":"https:\/\/malcanton.ch\/de\/wp-json\/wp\/v2\/product_cat?post=3003"},{"taxonomy":"product_tag","embeddable":true,"href":"https:\/\/malcanton.ch\/de\/wp-json\/wp\/v2\/product_tag?post=3003"}],"curies":[{"name":"wp","href":"https:\/\/api.w.org\/{rel}","templated":true}]}}