{"id":3059,"date":"2024-11-20T15:32:39","date_gmt":"2024-11-20T14:32:39","guid":{"rendered":"https:\/\/malcanton.ch\/?post_type=product&#038;p=3059"},"modified":"2025-01-09T17:05:40","modified_gmt":"2025-01-09T16:05:40","slug":"rosa-fuchswasserrose","status":"publish","type":"product","link":"https:\/\/malcanton.ch\/de\/produkt\/rosa-fuchswasserrose\/","title":{"rendered":"Rosafuchs (ros\u00e9)"},"content":{"rendered":"<p>Schweizer Italienischer IGT-Wein<br \/>\nDieser Ros\u00e9 bringt, \u00e4hnlich wie ein Wei\u00dfwein, die Frische und Zartheit der frisch geernteten Fr\u00fcchte am besten zum Ausdruck. Er wird aus einer \"Segn\u00e9e\" der Moste der besten Weine gewonnen.<\/p>\n<p>TRAUBENSORTEN: Merlot, Pinotage, Blau Frankisch<\/p>\n<p>LOKALIT\u00c4T: -<\/p>\n<p>WEINHERSTELLUNG: Als Wei\u00dfwein ausgebaut, erfolgt die G\u00e4rung in temperaturkontrollierten Barriques. Eine teilweise malolaktische G\u00e4rung verleiht dem Wein mehr Komplexit\u00e4t und Finesse.<\/p>\n<p>VERKOSTUNGSANMERKUNGEN: In der Nase pr\u00e4sentiert er sich mit einem eleganten Duft nach frischen Fr\u00fcchten, wie Brombeeren und Johannisbeeren. Im Mund findet man die gleichen D\u00fcfte, bereichert durch eine angenehme S\u00e4ure, die seine Persistenz verbessert.<\/p>","protected":false},"excerpt":{"rendered":"<p>Schweizer Italienischer IGT-Wein<br \/>\nDieser Ros\u00e9 bringt, \u00e4hnlich wie ein Wei\u00dfwein, die Frische und Zartheit der frisch geernteten Fr\u00fcchte am besten zum Ausdruck. Er wird aus einer \"Segn\u00e9e\" der Moste der besten Weine gewonnen.<\/p>","protected":false},"featured_media":3060,"template":"","meta":[],"product_brand":[],"product_cat":[203],"product_tag":[],"class_list":{"0":"post-3059","1":"product","2":"type-product","3":"status-publish","4":"has-post-thumbnail","6":"product_cat-alimentari","7":"product_shipping_class-pacco","9":"first","10":"instock","11":"shipping-taxable","12":"purchasable","13":"product-type-simple"},"_links":{"self":[{"href":"https:\/\/malcanton.ch\/de\/wp-json\/wp\/v2\/product\/3059","targetHints":{"allow":["GET"]}}],"collection":[{"href":"https:\/\/malcanton.ch\/de\/wp-json\/wp\/v2\/product"}],"about":[{"href":"https:\/\/malcanton.ch\/de\/wp-json\/wp\/v2\/types\/product"}],"wp:featuredmedia":[{"embeddable":true,"href":"https:\/\/malcanton.ch\/de\/wp-json\/wp\/v2\/media\/3060"}],"wp:attachment":[{"href":"https:\/\/malcanton.ch\/de\/wp-json\/wp\/v2\/media?parent=3059"}],"wp:term":[{"taxonomy":"product_brand","embeddable":true,"href":"https:\/\/malcanton.ch\/de\/wp-json\/wp\/v2\/product_brand?post=3059"},{"taxonomy":"product_cat","embeddable":true,"href":"https:\/\/malcanton.ch\/de\/wp-json\/wp\/v2\/product_cat?post=3059"},{"taxonomy":"product_tag","embeddable":true,"href":"https:\/\/malcanton.ch\/de\/wp-json\/wp\/v2\/product_tag?post=3059"}],"curies":[{"name":"wp","href":"https:\/\/api.w.org\/{rel}","templated":true}]}}