{"id":3064,"date":"2024-11-20T15:33:33","date_gmt":"2024-11-20T14:33:33","guid":{"rendered":"https:\/\/malcanton.ch\/?post_type=product&#038;p=3064"},"modified":"2025-01-06T11:17:54","modified_gmt":"2025-01-06T10:17:54","slug":"mad-fuchs-weis","status":"publish","type":"product","link":"https:\/\/malcanton.ch\/de\/produkt\/mad-fuchs-weis\/","title":{"rendered":"Blaufuchs (wei\u00df)"},"content":{"rendered":"<p>Merlot Bianco della Svizzera Italiana IGT<br \/>\nLa Volpe Matta ist ein Wein, der sich durch Leichtigkeit und frische Fruchtnoten auszeichnet.<\/p>\n<p>TRAUBENSORTEN: Merlot<\/p>\n<p>PRODUKTIONSGEBIET: Monteggio<\/p>\n<p>WEINHERSTELLUNG: Die Trauben werden sanft gepresst, und der Most wird einer langen, kalten G\u00e4rung unterzogen, die ideal ist, um die Aromen zu verst\u00e4rken.<\/p>\n<p>VERKOSTUNG: Leuchtend strohgelb in der Farbe, verstr\u00f6mt er Aromen von frischen Fr\u00fcchten wie Birne und Aprikose, begleitet von leichten Gew\u00fcrznoten. Am Gaumen bietet er eine moderate Struktur, mit den charakteristischen Noten von Aprikose und Gew\u00fcrzen, kombiniert mit weichen, umh\u00fcllenden Tanninen.<\/p>","protected":false},"excerpt":{"rendered":"<p>Merlot Bianco della Svizzera Italiana IGT<br \/>\nLa Volpe Matta ist ein Wein, der sich durch Leichtigkeit und frische Fruchtnoten auszeichnet.<\/p>","protected":false},"featured_media":3061,"template":"","meta":[],"product_brand":[],"product_cat":[203],"product_tag":[],"class_list":{"0":"post-3064","1":"product","2":"type-product","3":"status-publish","4":"has-post-thumbnail","6":"product_cat-alimentari","7":"product_shipping_class-pacco","9":"first","10":"instock","11":"shipping-taxable","12":"purchasable","13":"product-type-simple"},"_links":{"self":[{"href":"https:\/\/malcanton.ch\/de\/wp-json\/wp\/v2\/product\/3064","targetHints":{"allow":["GET"]}}],"collection":[{"href":"https:\/\/malcanton.ch\/de\/wp-json\/wp\/v2\/product"}],"about":[{"href":"https:\/\/malcanton.ch\/de\/wp-json\/wp\/v2\/types\/product"}],"wp:featuredmedia":[{"embeddable":true,"href":"https:\/\/malcanton.ch\/de\/wp-json\/wp\/v2\/media\/3061"}],"wp:attachment":[{"href":"https:\/\/malcanton.ch\/de\/wp-json\/wp\/v2\/media?parent=3064"}],"wp:term":[{"taxonomy":"product_brand","embeddable":true,"href":"https:\/\/malcanton.ch\/de\/wp-json\/wp\/v2\/product_brand?post=3064"},{"taxonomy":"product_cat","embeddable":true,"href":"https:\/\/malcanton.ch\/de\/wp-json\/wp\/v2\/product_cat?post=3064"},{"taxonomy":"product_tag","embeddable":true,"href":"https:\/\/malcanton.ch\/de\/wp-json\/wp\/v2\/product_tag?post=3064"}],"curies":[{"name":"wp","href":"https:\/\/api.w.org\/{rel}","templated":true}]}}