{"id":3065,"date":"2024-11-20T15:35:11","date_gmt":"2024-11-20T14:35:11","guid":{"rendered":"https:\/\/malcanton.ch\/?post_type=product&#038;p=3065"},"modified":"2025-01-06T11:19:27","modified_gmt":"2025-01-06T10:19:27","slug":"weisflugelfuchs","status":"publish","type":"product","link":"https:\/\/malcanton.ch\/de\/produkt\/weisflugelfuchs\/","title":{"rendered":"Gefl\u00fcgelter Fuchs (wei\u00df)"},"content":{"rendered":"<p>IGT Schweiz, Chardonnay<br \/>\nDieser Wein, der in den k\u00fchlsten Stunden geerntet wird, um seine Aromen zu bewahren, zeichnet sich durch seine komplexe Struktur aus.<\/p>\n<p>TRAUBENSORTEN: Chardonnay<\/p>\n<p>PRODUKTIONSGEBIET: Monteggio<\/p>\n<p>WEINHERSTELLUNG: Die Trauben werden sanft gepresst und in Barriques vergoren. Nach der alkoholischen und malolaktischen G\u00e4rung reift der Wein 10 Monate lang in Barriques verschiedener Abschnitte und entwickelt dabei ein komplexes und raffiniertes aromatisches Bouquet.<\/p>\n<p>TASTING NOTES: Ein leuchtendes Hellgelb, das elegante Aromen von Blumen, Zitrusfr\u00fcchten und exotischen Fr\u00fcchten pr\u00e4sentiert. Die gleichen aromatischen Noten finden sich auch am Gaumen wieder, mit einem ausgewogenen fruchtigen und mineralischen Charakter.<\/p>","protected":false},"excerpt":{"rendered":"<p>IGT Schweiz, Chardonnay<br \/>\nDieser Wein, der in den k\u00fchlsten Stunden geerntet wird, um seine Aromen zu bewahren, zeichnet sich durch seine komplexe Struktur aus.<\/p>","protected":false},"featured_media":3062,"template":"","meta":[],"product_brand":[],"product_cat":[203],"product_tag":[],"class_list":{"0":"post-3065","1":"product","2":"type-product","3":"status-publish","4":"has-post-thumbnail","6":"product_cat-alimentari","7":"product_shipping_class-pacco","9":"first","10":"instock","11":"shipping-taxable","12":"purchasable","13":"product-type-simple"},"_links":{"self":[{"href":"https:\/\/malcanton.ch\/de\/wp-json\/wp\/v2\/product\/3065","targetHints":{"allow":["GET"]}}],"collection":[{"href":"https:\/\/malcanton.ch\/de\/wp-json\/wp\/v2\/product"}],"about":[{"href":"https:\/\/malcanton.ch\/de\/wp-json\/wp\/v2\/types\/product"}],"wp:featuredmedia":[{"embeddable":true,"href":"https:\/\/malcanton.ch\/de\/wp-json\/wp\/v2\/media\/3062"}],"wp:attachment":[{"href":"https:\/\/malcanton.ch\/de\/wp-json\/wp\/v2\/media?parent=3065"}],"wp:term":[{"taxonomy":"product_brand","embeddable":true,"href":"https:\/\/malcanton.ch\/de\/wp-json\/wp\/v2\/product_brand?post=3065"},{"taxonomy":"product_cat","embeddable":true,"href":"https:\/\/malcanton.ch\/de\/wp-json\/wp\/v2\/product_cat?post=3065"},{"taxonomy":"product_tag","embeddable":true,"href":"https:\/\/malcanton.ch\/de\/wp-json\/wp\/v2\/product_tag?post=3065"}],"curies":[{"name":"wp","href":"https:\/\/api.w.org\/{rel}","templated":true}]}}