{"id":3066,"date":"2024-11-20T15:36:15","date_gmt":"2024-11-20T14:36:15","guid":{"rendered":"https:\/\/malcanton.ch\/?post_type=product&#038;p=3066"},"modified":"2025-01-09T17:05:48","modified_gmt":"2025-01-09T16:05:48","slug":"fass-vier-rot","status":"publish","type":"product","link":"https:\/\/malcanton.ch\/de\/produkt\/fass-vier-rot\/","title":{"rendered":"Fustoquattro (rot)"},"content":{"rendered":"<p><strong>Tessin DOC, Merlot di Monteggio<\/strong><br \/>\nDer Fustoquattro ist ein frischer, fruchtiger Wein mit einer leichten Struktur und samtigen Tanninen, die ihn angenehm und leicht zu trinken machen.<\/p>\n<p><strong>REBSORTEN:<\/strong> Merlot<\/p>\n<p><strong>PRODUKTIONSGEBIET:<\/strong> Monteggio, Sessa, Quartino<\/p>\n<p><strong>DER WEINBEREITUNG:<\/strong><br \/>\nUm eine optimale aromatische Intensit\u00e4t zu erreichen, wird der Most kalt mazeriert und nach einer kurzen G\u00e4rung gepresst, wodurch die feinen Tannine beg\u00fcnstigt werden. Der Ausbau und die S\u00e4urestabilisierung erfolgen in gro\u00dfen, traditionellen Holzf\u00e4ssern \u00fcber einen Zeitraum von fast einem Jahr.<\/p>","protected":false},"excerpt":{"rendered":"<p>Ticino DOC, Merlot di Monteggio.<br \/>\nDer Fustoquattro ist ein frischer, fruchtiger Wein mit einer leichten Struktur und samtigen Tanninen, die ihn angenehm und leicht zu trinken machen.<\/p>","protected":false},"featured_media":3063,"template":"","meta":[],"product_brand":[],"product_cat":[203],"product_tag":[],"class_list":{"0":"post-3066","1":"product","2":"type-product","3":"status-publish","4":"has-post-thumbnail","6":"product_cat-alimentari","7":"product_shipping_class-pacco","9":"first","10":"instock","11":"shipping-taxable","12":"purchasable","13":"product-type-simple"},"_links":{"self":[{"href":"https:\/\/malcanton.ch\/de\/wp-json\/wp\/v2\/product\/3066","targetHints":{"allow":["GET"]}}],"collection":[{"href":"https:\/\/malcanton.ch\/de\/wp-json\/wp\/v2\/product"}],"about":[{"href":"https:\/\/malcanton.ch\/de\/wp-json\/wp\/v2\/types\/product"}],"wp:featuredmedia":[{"embeddable":true,"href":"https:\/\/malcanton.ch\/de\/wp-json\/wp\/v2\/media\/3063"}],"wp:attachment":[{"href":"https:\/\/malcanton.ch\/de\/wp-json\/wp\/v2\/media?parent=3066"}],"wp:term":[{"taxonomy":"product_brand","embeddable":true,"href":"https:\/\/malcanton.ch\/de\/wp-json\/wp\/v2\/product_brand?post=3066"},{"taxonomy":"product_cat","embeddable":true,"href":"https:\/\/malcanton.ch\/de\/wp-json\/wp\/v2\/product_cat?post=3066"},{"taxonomy":"product_tag","embeddable":true,"href":"https:\/\/malcanton.ch\/de\/wp-json\/wp\/v2\/product_tag?post=3066"}],"curies":[{"name":"wp","href":"https:\/\/api.w.org\/{rel}","templated":true}]}}