{"id":4365,"date":"2025-01-05T11:26:50","date_gmt":"2025-01-05T10:26:50","guid":{"rendered":"https:\/\/malcanton.ch\/?post_type=product&#038;p=4365"},"modified":"2025-04-16T15:24:54","modified_gmt":"2025-04-16T13:24:54","slug":"festes-shampoo","status":"publish","type":"product","link":"https:\/\/malcanton.ch\/de\/produkt\/festes-shampoo\/","title":{"rendered":"Festes Shampoo"},"content":{"rendered":"<p>Solides Shampoo, 100% nat\u00fcrlich und wirksam.<br \/>\nPreis f\u00fcr 1 Shampoo.<\/p>\n<h3>3 Shampoo-Kategorien:<\/h3>\n<p><strong>1.<\/strong> F\u00fcr trockenes Haar: <strong>MIT<\/strong> Kokosnuss\u00f6l und Sheabutter<br \/>\n<strong>D\u00fcfte<\/strong>Erdbeere, Heidelbeere, Tropische Mango (**mit Mangobutter anstelle von Sheabutter), Vanille, Orange und Patchouli, Bergamotte, Tessiner Lavendel, Rosenbl\u00fcten<br \/>\n<strong>Inhaltsstoffe<\/strong>Tenside pflanzlichen Ursprungs (Kokosnuss), destilliertes Wasser, Sheabutter, Kokosnuss\u00f6l, Duftstoffe: \u00e4therisches \u00d6l oder nat\u00fcrlicher aromatischer Extrakt, nat\u00fcrlicher mineralischer Farbstoff<\/p>\n<p><strong>2.<\/strong> F\u00fcr fettiges Haar: <strong>OHNE<\/strong> Kokosnuss\u00f6l und Sheabutter<br \/>\n<strong>D\u00fcfte<\/strong>Erdbeere, Heidelbeere, Vanille, Orange und Patchouli, Bergamotte, Tessiner Lavendel, Rosenbl\u00fcten, Grapefruit<br \/>\n<strong>Inhaltsstoffe<\/strong>: Tenside pflanzlichen Ursprungs (Kokosnuss), destilliertes Wasser, Duftstoffe: \u00e4therisches \u00d6l oder nat\u00fcrlicher aromatischer Extrakt, nat\u00fcrlicher mineralischer Farbstoff<\/p>\n<p><strong>3.<\/strong> F\u00fcr die <strong>CARE<\/strong> Haare: mit Kr\u00e4uterextrakten und Oleolithen<br \/>\n<strong>D\u00fcfte<\/strong>: Rosmarin\/Ortica, Hanf\/Ortica, Lavendel\/Ortica<br \/>\n<strong>Inhaltsstoffe<\/strong>: Tensid pflanzlichen Ursprungs (Kokosnuss), destilliertes Wasser, pflanzliches Oleolyt (Lavendel, Rosmarin, HanfCBD), Brennesselextraktpulver, Reisprotein, \u00e4therisches \u00d6l (Lavendel, Rosmarin-Cineol)<\/p>","protected":false},"excerpt":{"rendered":"<p>Festes Shampoo, 100% nat\u00fcrlich.<\/p>\n<p>Verschiedene D\u00fcfte erh\u00e4ltlich.<\/p>\n<p>Preis f\u00fcr 1 Shampoo.<\/p>","protected":false},"featured_media":4360,"template":"","meta":[],"product_brand":[],"product_cat":[204],"product_tag":[],"class_list":{"0":"post-4365","1":"product","2":"type-product","3":"status-publish","4":"has-post-thumbnail","6":"product_cat-cura-del-corpo","7":"product_shipping_class-pacco","9":"first","10":"instock","11":"shipping-taxable","12":"purchasable","13":"product-type-variable"},"_links":{"self":[{"href":"https:\/\/malcanton.ch\/de\/wp-json\/wp\/v2\/product\/4365","targetHints":{"allow":["GET"]}}],"collection":[{"href":"https:\/\/malcanton.ch\/de\/wp-json\/wp\/v2\/product"}],"about":[{"href":"https:\/\/malcanton.ch\/de\/wp-json\/wp\/v2\/types\/product"}],"wp:featuredmedia":[{"embeddable":true,"href":"https:\/\/malcanton.ch\/de\/wp-json\/wp\/v2\/media\/4360"}],"wp:attachment":[{"href":"https:\/\/malcanton.ch\/de\/wp-json\/wp\/v2\/media?parent=4365"}],"wp:term":[{"taxonomy":"product_brand","embeddable":true,"href":"https:\/\/malcanton.ch\/de\/wp-json\/wp\/v2\/product_brand?post=4365"},{"taxonomy":"product_cat","embeddable":true,"href":"https:\/\/malcanton.ch\/de\/wp-json\/wp\/v2\/product_cat?post=4365"},{"taxonomy":"product_tag","embeddable":true,"href":"https:\/\/malcanton.ch\/de\/wp-json\/wp\/v2\/product_tag?post=4365"}],"curies":[{"name":"wp","href":"https:\/\/api.w.org\/{rel}","templated":true}]}}