{"id":4444,"date":"2025-01-05T17:50:58","date_gmt":"2025-01-05T16:50:58","guid":{"rendered":"https:\/\/malcanton.ch\/?post_type=product&#038;p=4444"},"modified":"2025-01-05T22:14:19","modified_gmt":"2025-01-05T21:14:19","slug":"manuelle-pfeffermuhle","status":"publish","type":"product","link":"https:\/\/malcanton.ch\/de\/produkt\/manuelle-pfeffermuhle\/","title":{"rendered":"Manuelle Pfefferm\u00fchle"},"content":{"rendered":"<p>Pfefferm\u00fchle aus Holz, vollst\u00e4ndig handgefertigt.<\/p>\n<p>Einzigartiges St\u00fcck.<\/p>","protected":false},"excerpt":{"rendered":"<p>Pfefferm\u00fchle aus Holz, vollst\u00e4ndig handgefertigt.<\/p>\n<p>Einzigartiges St\u00fcck.<\/p>","protected":false},"featured_media":4451,"template":"","meta":[],"product_brand":[],"product_cat":[223],"product_tag":[],"class_list":{"0":"post-4444","1":"product","2":"type-product","3":"status-publish","4":"has-post-thumbnail","6":"product_cat-artigianato","7":"product_shipping_class-pacco","9":"first","10":"instock","11":"shipping-taxable","12":"purchasable","13":"product-type-simple"},"_links":{"self":[{"href":"https:\/\/malcanton.ch\/de\/wp-json\/wp\/v2\/product\/4444","targetHints":{"allow":["GET"]}}],"collection":[{"href":"https:\/\/malcanton.ch\/de\/wp-json\/wp\/v2\/product"}],"about":[{"href":"https:\/\/malcanton.ch\/de\/wp-json\/wp\/v2\/types\/product"}],"wp:featuredmedia":[{"embeddable":true,"href":"https:\/\/malcanton.ch\/de\/wp-json\/wp\/v2\/media\/4451"}],"wp:attachment":[{"href":"https:\/\/malcanton.ch\/de\/wp-json\/wp\/v2\/media?parent=4444"}],"wp:term":[{"taxonomy":"product_brand","embeddable":true,"href":"https:\/\/malcanton.ch\/de\/wp-json\/wp\/v2\/product_brand?post=4444"},{"taxonomy":"product_cat","embeddable":true,"href":"https:\/\/malcanton.ch\/de\/wp-json\/wp\/v2\/product_cat?post=4444"},{"taxonomy":"product_tag","embeddable":true,"href":"https:\/\/malcanton.ch\/de\/wp-json\/wp\/v2\/product_tag?post=4444"}],"curies":[{"name":"wp","href":"https:\/\/api.w.org\/{rel}","templated":true}]}}