{"id":6170,"date":"2026-04-23T14:59:03","date_gmt":"2026-04-23T12:59:03","guid":{"rendered":"https:\/\/malcanton.ch\/?post_type=product&#038;p=6170"},"modified":"2026-05-05T21:03:14","modified_gmt":"2026-05-05T19:03:14","slug":"einschreibung-beim-menschen-1-0-20-21-juni-2026","status":"publish","type":"product","link":"https:\/\/malcanton.ch\/de\/produkt\/einschreibung-beim-menschen-1-0-20-21-juni-2026\/","title":{"rendered":"Registrierung f\u00fcr UMAN 1.0"},"content":{"rendered":"<div class=\"page\" title=\"Seite 2\">\n<div class=\"layoutArea\">\n<div class=\"column\">\n<div class=\"page\" title=\"Seite 2\">\n<div class=\"layoutArea\">\n<div class=\"column\">\n<p>An diesem Wochenende kaufen Sie keine Erfahrung: Sie bauen sie Schritt f\u00fcr Schritt auf, zusammen mit denjenigen, die wie Sie beschlossen haben, dass der Mensch nicht geboren wurde, um in modischen Schuhen \u00fcber falschen Asphalt zu laufen, sondern um seine nackten F\u00fc\u00dfe in die Erde zu stecken und sie lebendig zu sp\u00fcren.<\/p>\n<p>Es ist Zeit, zu den URSPR\u00dcNGEN zur\u00fcckzukehren, die K\u00e4lte auf der Haut zu sp\u00fcren, das Risiko zu genie\u00dfen und der Stille zu lauschen, die zu uns spricht.<\/p>\n<p>Es besteht keine Notwendigkeit, hier zu erscheinen<strong> SEIN.<\/strong><\/p>\n<\/div>\n<\/div>\n<\/div>\n<p><strong>Ein spezifisches Programm wird folgen.<\/strong><\/p>\n<\/div>\n<\/div>\n<\/div>","protected":false},"excerpt":{"rendered":"<p>In questo weekend non compri un\u2019esperienza: la costruisci, passo dopo passo, con chi come te ha deciso che l\u2019uomo non e\u0300 nato per camminare sul&hellip;<\/p>","protected":false},"featured_media":6171,"template":"","meta":[],"product_brand":[],"product_cat":[203],"product_tag":[],"class_list":{"0":"post-6170","1":"product","2":"type-product","3":"status-publish","4":"has-post-thumbnail","6":"product_cat-alimentari","8":"first","9":"instock","10":"virtual","11":"purchasable","12":"product-type-simple"},"_links":{"self":[{"href":"https:\/\/malcanton.ch\/de\/wp-json\/wp\/v2\/product\/6170","targetHints":{"allow":["GET"]}}],"collection":[{"href":"https:\/\/malcanton.ch\/de\/wp-json\/wp\/v2\/product"}],"about":[{"href":"https:\/\/malcanton.ch\/de\/wp-json\/wp\/v2\/types\/product"}],"wp:featuredmedia":[{"embeddable":true,"href":"https:\/\/malcanton.ch\/de\/wp-json\/wp\/v2\/media\/6171"}],"wp:attachment":[{"href":"https:\/\/malcanton.ch\/de\/wp-json\/wp\/v2\/media?parent=6170"}],"wp:term":[{"taxonomy":"product_brand","embeddable":true,"href":"https:\/\/malcanton.ch\/de\/wp-json\/wp\/v2\/product_brand?post=6170"},{"taxonomy":"product_cat","embeddable":true,"href":"https:\/\/malcanton.ch\/de\/wp-json\/wp\/v2\/product_cat?post=6170"},{"taxonomy":"product_tag","embeddable":true,"href":"https:\/\/malcanton.ch\/de\/wp-json\/wp\/v2\/product_tag?post=6170"}],"curies":[{"name":"wp","href":"https:\/\/api.w.org\/{rel}","templated":true}]}}