{"id":2731,"date":"2024-10-16T09:56:06","date_gmt":"2024-10-16T07:56:06","guid":{"rendered":"https:\/\/malcanton.ch\/?post_type=product&#038;p=2731"},"modified":"2025-01-06T11:34:21","modified_gmt":"2025-01-06T10:34:21","slug":"volabass-tri-mocala-li","status":"publish","type":"product","link":"https:\/\/malcanton.ch\/en\/product\/volabass-tri-mocala-li\/","title":{"rendered":"Volabass tr\u00ec: m\u00f2cala l\u00ec!"},"content":{"rendered":"<p><strong>Volabass tr\u00ec: m\u00f2cala l\u00ec!<\/strong><\/p>\n<p>book, 64 colour pages, printed in Ticino<br \/>\nChristian Demarta, Bellinzona, e-dizioni, first edition 2016.<\/p>\n<ul>\n<li>Shipping costs for Switzerland already included in the price.<\/li>\n<li>For shipments abroad please write to <a href=\"mailto:volabass.libro@gmail.com\">volabass.libro@gmail.com<\/a> and you will be given an estimate of the shipping costs according to weight and country of destination.<\/li>\n<\/ul>","protected":false},"excerpt":{"rendered":"<p><strong>Volabass tr\u00ec: m\u00f2cala l\u00ec!<\/strong><\/p>\n<p>book, 64 colour pages, printed in Ticino<br \/>\nChristian Demarta, Bellinzona, e-dizioni, first edition 2016.<\/p>","protected":false},"featured_media":2726,"template":"","meta":[],"product_brand":[],"product_cat":[208],"product_tag":[],"class_list":{"0":"post-2731","1":"product","2":"type-product","3":"status-publish","4":"has-post-thumbnail","6":"product_cat-libri","7":"product_shipping_class-gratis","9":"first","10":"instock","11":"shipping-taxable","12":"purchasable","13":"product-type-simple"},"_links":{"self":[{"href":"https:\/\/malcanton.ch\/en\/wp-json\/wp\/v2\/product\/2731","targetHints":{"allow":["GET"]}}],"collection":[{"href":"https:\/\/malcanton.ch\/en\/wp-json\/wp\/v2\/product"}],"about":[{"href":"https:\/\/malcanton.ch\/en\/wp-json\/wp\/v2\/types\/product"}],"wp:featuredmedia":[{"embeddable":true,"href":"https:\/\/malcanton.ch\/en\/wp-json\/wp\/v2\/media\/2726"}],"wp:attachment":[{"href":"https:\/\/malcanton.ch\/en\/wp-json\/wp\/v2\/media?parent=2731"}],"wp:term":[{"taxonomy":"product_brand","embeddable":true,"href":"https:\/\/malcanton.ch\/en\/wp-json\/wp\/v2\/product_brand?post=2731"},{"taxonomy":"product_cat","embeddable":true,"href":"https:\/\/malcanton.ch\/en\/wp-json\/wp\/v2\/product_cat?post=2731"},{"taxonomy":"product_tag","embeddable":true,"href":"https:\/\/malcanton.ch\/en\/wp-json\/wp\/v2\/product_tag?post=2731"}],"curies":[{"name":"wp","href":"https:\/\/api.w.org\/{rel}","templated":true}]}}