{"id":2481,"date":"2024-09-16T11:34:25","date_gmt":"2024-09-16T09:34:25","guid":{"rendered":"https:\/\/malcanton.ch\/?post_type=product&#038;p=2481"},"modified":"2025-01-06T11:44:10","modified_gmt":"2025-01-06T10:44:10","slug":"champignons-decoratifs","status":"publish","type":"product","link":"https:\/\/malcanton.ch\/fr\/produit\/champignons-decoratifs\/","title":{"rendered":"Champignons d\u00e9coratifs"},"content":{"rendered":"<p>Diff\u00e9rents types de champignons, cr\u00e9\u00e9s en bois de Malcantone, tourn\u00e9s et sculpt\u00e9s \u00e0 la main.<\/p>\n<p>Pi\u00e8ce disponible sur commande.<br \/>\nPrix : pour 1 champignon.<\/p>","protected":false},"excerpt":{"rendered":"<p>Diff\u00e9rents types de champignons, cr\u00e9\u00e9s en bois de Malcantone, tourn\u00e9s et sculpt\u00e9s \u00e0 la main.<\/p>","protected":false},"featured_media":2482,"template":"","meta":[],"product_brand":[],"product_cat":[223],"product_tag":[],"class_list":{"0":"post-2481","1":"product","2":"type-product","3":"status-publish","4":"has-post-thumbnail","6":"product_cat-artigianato","7":"product_shipping_class-pacco","9":"first","10":"instock","11":"shipping-taxable","12":"purchasable","13":"product-type-simple"},"_links":{"self":[{"href":"https:\/\/malcanton.ch\/fr\/wp-json\/wp\/v2\/product\/2481","targetHints":{"allow":["GET"]}}],"collection":[{"href":"https:\/\/malcanton.ch\/fr\/wp-json\/wp\/v2\/product"}],"about":[{"href":"https:\/\/malcanton.ch\/fr\/wp-json\/wp\/v2\/types\/product"}],"wp:featuredmedia":[{"embeddable":true,"href":"https:\/\/malcanton.ch\/fr\/wp-json\/wp\/v2\/media\/2482"}],"wp:attachment":[{"href":"https:\/\/malcanton.ch\/fr\/wp-json\/wp\/v2\/media?parent=2481"}],"wp:term":[{"taxonomy":"product_brand","embeddable":true,"href":"https:\/\/malcanton.ch\/fr\/wp-json\/wp\/v2\/product_brand?post=2481"},{"taxonomy":"product_cat","embeddable":true,"href":"https:\/\/malcanton.ch\/fr\/wp-json\/wp\/v2\/product_cat?post=2481"},{"taxonomy":"product_tag","embeddable":true,"href":"https:\/\/malcanton.ch\/fr\/wp-json\/wp\/v2\/product_tag?post=2481"}],"curies":[{"name":"wp","href":"https:\/\/api.w.org\/{rel}","templated":true}]}}