{"id":2730,"date":"2024-10-16T09:53:37","date_gmt":"2024-10-16T07:53:37","guid":{"rendered":"https:\/\/malcanton.ch\/?post_type=product&#038;p=2730"},"modified":"2025-01-06T11:33:23","modified_gmt":"2025-01-06T10:33:23","slug":"volabass-2-sta-schisch","status":"publish","type":"product","link":"https:\/\/malcanton.ch\/fr\/produit\/volabass-2-sta-schisch\/","title":{"rendered":"Volabass 2 : sta schisch !"},"content":{"rendered":"<p><strong>Volabass 2 : sta schisch !<\/strong><\/p>\n<p>livre, 72 pages en couleur, imprim\u00e9 au Tessin<br \/>\nChristian Demarta et Sergio Savoia, Bellinzona, e-dizioni, premi\u00e8re \u00e9dition 2010.<\/p>\n<ul>\n<li>Les frais d'exp\u00e9dition pour la Suisse sont d\u00e9j\u00e0 inclus dans le prix.<\/li>\n<li>Pour les envois \u00e0 l'\u00e9tranger, veuillez \u00e9crire \u00e0 <a href=\"mailto:volabass.libro@gmail.com\">volabass.libro@gmail.com<\/a> et vous recevrez une estimation des frais de port en fonction du poids et du pays de destination.<\/li>\n<\/ul>","protected":false},"excerpt":{"rendered":"<p><strong>Volabass 2 : sta schisch !<\/strong><\/p>\n<p>livre, 72 pages en couleur, imprim\u00e9 au Tessin<br \/>\nChristian Demarta et Sergio Savoia, Bellinzona, e-dizioni, premi\u00e8re \u00e9dition 2010.<\/p>","protected":false},"featured_media":2728,"template":"","meta":[],"product_brand":[],"product_cat":[208],"product_tag":[],"class_list":{"0":"post-2730","1":"product","2":"type-product","3":"status-publish","4":"has-post-thumbnail","6":"product_cat-libri","7":"product_shipping_class-gratis","9":"first","10":"instock","11":"shipping-taxable","12":"purchasable","13":"product-type-simple"},"_links":{"self":[{"href":"https:\/\/malcanton.ch\/fr\/wp-json\/wp\/v2\/product\/2730","targetHints":{"allow":["GET"]}}],"collection":[{"href":"https:\/\/malcanton.ch\/fr\/wp-json\/wp\/v2\/product"}],"about":[{"href":"https:\/\/malcanton.ch\/fr\/wp-json\/wp\/v2\/types\/product"}],"wp:featuredmedia":[{"embeddable":true,"href":"https:\/\/malcanton.ch\/fr\/wp-json\/wp\/v2\/media\/2728"}],"wp:attachment":[{"href":"https:\/\/malcanton.ch\/fr\/wp-json\/wp\/v2\/media?parent=2730"}],"wp:term":[{"taxonomy":"product_brand","embeddable":true,"href":"https:\/\/malcanton.ch\/fr\/wp-json\/wp\/v2\/product_brand?post=2730"},{"taxonomy":"product_cat","embeddable":true,"href":"https:\/\/malcanton.ch\/fr\/wp-json\/wp\/v2\/product_cat?post=2730"},{"taxonomy":"product_tag","embeddable":true,"href":"https:\/\/malcanton.ch\/fr\/wp-json\/wp\/v2\/product_tag?post=2730"}],"curies":[{"name":"wp","href":"https:\/\/api.w.org\/{rel}","templated":true}]}}