{"id":2998,"date":"2024-11-14T16:45:32","date_gmt":"2024-11-14T15:45:32","guid":{"rendered":"https:\/\/malcanton.ch\/?post_type=product&#038;p=2998"},"modified":"2025-01-06T11:38:48","modified_gmt":"2025-01-06T10:38:48","slug":"genesa","status":"publish","type":"product","link":"https:\/\/malcanton.ch\/fr\/produit\/genesa\/","title":{"rendered":"Genesa"},"content":{"rendered":"<p>100% cuivre pur de haute qualit\u00e9<\/p>\n<p>Largeur de la bande : 25 mm (2,5 cm)<\/p>\n<p>Le cristal Genesa est un dispositif d'orgone bas\u00e9 sur les principes de la g\u00e9om\u00e9trie arch\u00e9typale sacr\u00e9e.<\/p>\n<p>Il est appel\u00e9 \"cristal\" parce que sa forme g\u00e9om\u00e9trique ressemble \u00e0 celle des cristaux naturels. Il agit comme un grand cristal naturel, g\u00e9n\u00e9rant un puissant vortex d'\u00e9nergie. Le Genesa agit comme une antenne, capable d'attirer, de purifier et d'amplifier l'\u00e9nergie environnante. Il est con\u00e7u pour contrer les effets n\u00e9gatifs de la pollution \u00e9lectromagn\u00e9tique, en favorisant la m\u00e9ditation et en harmonisant le champ \u00e9nerg\u00e9tique des personnes et des environnements.<\/p>","protected":false},"excerpt":{"rendered":"<p>Le Genesa agit comme une antenne, capable d'attirer, de purifier et d'amplifier l'\u00e9nergie environnante. Il est con\u00e7u pour contrer les effets n\u00e9gatifs de la pollution \u00e9lectromagn\u00e9tique, en favorisant la m\u00e9ditation et en harmonisant le champ \u00e9nerg\u00e9tique des personnes et des environnements.<\/p>","protected":false},"featured_media":3001,"template":"","meta":[],"product_brand":[],"product_cat":[223],"product_tag":[],"class_list":{"0":"post-2998","1":"product","2":"type-product","3":"status-publish","4":"has-post-thumbnail","6":"product_cat-artigianato","7":"product_shipping_class-pacco","9":"first","10":"instock","11":"shipping-taxable","12":"purchasable","13":"product-type-variable"},"_links":{"self":[{"href":"https:\/\/malcanton.ch\/fr\/wp-json\/wp\/v2\/product\/2998","targetHints":{"allow":["GET"]}}],"collection":[{"href":"https:\/\/malcanton.ch\/fr\/wp-json\/wp\/v2\/product"}],"about":[{"href":"https:\/\/malcanton.ch\/fr\/wp-json\/wp\/v2\/types\/product"}],"wp:featuredmedia":[{"embeddable":true,"href":"https:\/\/malcanton.ch\/fr\/wp-json\/wp\/v2\/media\/3001"}],"wp:attachment":[{"href":"https:\/\/malcanton.ch\/fr\/wp-json\/wp\/v2\/media?parent=2998"}],"wp:term":[{"taxonomy":"product_brand","embeddable":true,"href":"https:\/\/malcanton.ch\/fr\/wp-json\/wp\/v2\/product_brand?post=2998"},{"taxonomy":"product_cat","embeddable":true,"href":"https:\/\/malcanton.ch\/fr\/wp-json\/wp\/v2\/product_cat?post=2998"},{"taxonomy":"product_tag","embeddable":true,"href":"https:\/\/malcanton.ch\/fr\/wp-json\/wp\/v2\/product_tag?post=2998"}],"curies":[{"name":"wp","href":"https:\/\/api.w.org\/{rel}","templated":true}]}}