{"id":3003,"date":"2024-11-14T16:50:39","date_gmt":"2024-11-14T15:50:39","guid":{"rendered":"https:\/\/malcanton.ch\/?post_type=product&#038;p=3003"},"modified":"2025-01-06T11:29:48","modified_gmt":"2025-01-06T10:29:48","slug":"lait-nettoyant-a-la-rose-de-damas-et-a-la-camomille-avec-cristal-damethyste","status":"publish","type":"product","link":"https:\/\/malcanton.ch\/fr\/produit\/lait-nettoyant-a-la-rose-de-damas-et-a-la-camomille-avec-cristal-damethyste\/","title":{"rendered":"Nettoyant \u00e0 la rose de damas et \u00e0 la camomille"},"content":{"rendered":"<p>Rendez votre routine de nettoyage plus agr\u00e9able avec notre lait nettoyant, enrichi d'hydrolat de rose de Damas et d'huile d'amande douce.<br \/>\nCon\u00e7u pour tous les types de peau, ce nettoyant doux et efficace \u00e9limine les impuret\u00e9s et les r\u00e9sidus de maquillage, laissant la peau fra\u00eeche, douce et bien hydrat\u00e9e.<br \/>\nLes huiles essentielles de rose de Damas, de camomille et de girofle assurent des effets calmants et r\u00e9g\u00e9n\u00e9rants, ainsi qu'un parfum relaxant qui transforme le nettoyage en un v\u00e9ritable moment de bien-\u00eatre.<\/p>\n<p>Avec ce produit, vous recevrez une am\u00e9thyste.<\/p>\n<p>Gr\u00e2ce \u00e0 sa teneur \u00e9lev\u00e9e en silicium, cette pierre d'un violet profond est en mesure de favoriser le bien-\u00eatre du syst\u00e8me immunitaire de l'utilisateur. Elle contribue \u00e9galement \u00e0 une meilleure oxyg\u00e9nation du sang et est particuli\u00e8rement indiqu\u00e9e pour soulager le stress et les douleurs arthritiques.<\/p>\n<p>Il est recommand\u00e9 de manipuler le cristal avec une pince \u00e0 \u00e9piler, sans le toucher directement avec les mains, pour l'ins\u00e9rer dans la cr\u00e8me. Le produit est pr\u00eat pour un usage quotidien et il est recommand\u00e9 de laisser le cristal dans son emballage jusqu'\u00e0 \u00e9puisement du produit.<\/p>","protected":false},"excerpt":{"rendered":"<p><span style=\"vertical-align: inherit;\"><span style=\"vertical-align: inherit;\">Rendez votre routine de nettoyage plus agr\u00e9able avec notre lait nettoyant, enrichi d'hydrolat de rose de Damas et d'huile d'amande douce.<\/span><\/span><\/p>","protected":false},"featured_media":3004,"template":"","meta":[],"product_brand":[],"product_cat":[204],"product_tag":[],"class_list":{"0":"post-3003","1":"product","2":"type-product","3":"status-publish","4":"has-post-thumbnail","6":"product_cat-cura-del-corpo","7":"product_shipping_class-pacco","9":"first","10":"instock","11":"shipping-taxable","12":"purchasable","13":"product-type-simple"},"_links":{"self":[{"href":"https:\/\/malcanton.ch\/fr\/wp-json\/wp\/v2\/product\/3003","targetHints":{"allow":["GET"]}}],"collection":[{"href":"https:\/\/malcanton.ch\/fr\/wp-json\/wp\/v2\/product"}],"about":[{"href":"https:\/\/malcanton.ch\/fr\/wp-json\/wp\/v2\/types\/product"}],"wp:featuredmedia":[{"embeddable":true,"href":"https:\/\/malcanton.ch\/fr\/wp-json\/wp\/v2\/media\/3004"}],"wp:attachment":[{"href":"https:\/\/malcanton.ch\/fr\/wp-json\/wp\/v2\/media?parent=3003"}],"wp:term":[{"taxonomy":"product_brand","embeddable":true,"href":"https:\/\/malcanton.ch\/fr\/wp-json\/wp\/v2\/product_brand?post=3003"},{"taxonomy":"product_cat","embeddable":true,"href":"https:\/\/malcanton.ch\/fr\/wp-json\/wp\/v2\/product_cat?post=3003"},{"taxonomy":"product_tag","embeddable":true,"href":"https:\/\/malcanton.ch\/fr\/wp-json\/wp\/v2\/product_tag?post=3003"}],"curies":[{"name":"wp","href":"https:\/\/api.w.org\/{rel}","templated":true}]}}