{"id":3059,"date":"2024-11-20T15:32:39","date_gmt":"2024-11-20T14:32:39","guid":{"rendered":"https:\/\/malcanton.ch\/?post_type=product&#038;p=3059"},"modified":"2025-01-09T17:05:40","modified_gmt":"2025-01-09T16:05:40","slug":"renard-rose","status":"publish","type":"product","link":"https:\/\/malcanton.ch\/fr\/produit\/renard-rose\/","title":{"rendered":"Renard rose (ros\u00e9)"},"content":{"rendered":"<p>Vin suisse italien IGT<br \/>\nCe ros\u00e9, proche d'un blanc, exprime au mieux la fra\u00eecheur et la d\u00e9licatesse des fruits fra\u00eechement r\u00e9colt\u00e9s. Il est obtenu \u00e0 partir d'une \"segn\u00e9e\" des mo\u00fbts des meilleurs vins.<\/p>\n<p>C\u00e9pages : Merlot, Pinotage, Blau Frankisch<\/p>\n<p>LOCALIT\u00c9 : -<\/p>\n<p>VINIFICATION : Vinifi\u00e9 comme un vin blanc, la fermentation a lieu dans des barriques \u00e0 temp\u00e9rature contr\u00f4l\u00e9e. Une fermentation malolactique partielle conf\u00e8re au vin plus de complexit\u00e9 et de finesse.<\/p>\n<p>NOTES DE D\u00c9GUSTATION : Le nez se pr\u00e9sente avec un \u00e9l\u00e9gant parfum de fruits frais, comme les m\u00fbres et les groseilles. En bouche, on retrouve les m\u00eames parfums, enrichis par une agr\u00e9able acidit\u00e9 qui renforce sa persistance.<\/p>","protected":false},"excerpt":{"rendered":"<p>Vin suisse italien IGT<br \/>\nCe ros\u00e9, proche d'un blanc, exprime au mieux la fra\u00eecheur et la d\u00e9licatesse des fruits fra\u00eechement r\u00e9colt\u00e9s. Il est obtenu \u00e0 partir d'une \"segn\u00e9e\" des mo\u00fbts des meilleurs vins.<\/p>","protected":false},"featured_media":3060,"template":"","meta":[],"product_brand":[],"product_cat":[203],"product_tag":[],"class_list":{"0":"post-3059","1":"product","2":"type-product","3":"status-publish","4":"has-post-thumbnail","6":"product_cat-alimentari","7":"product_shipping_class-pacco","9":"first","10":"instock","11":"shipping-taxable","12":"purchasable","13":"product-type-simple"},"_links":{"self":[{"href":"https:\/\/malcanton.ch\/fr\/wp-json\/wp\/v2\/product\/3059","targetHints":{"allow":["GET"]}}],"collection":[{"href":"https:\/\/malcanton.ch\/fr\/wp-json\/wp\/v2\/product"}],"about":[{"href":"https:\/\/malcanton.ch\/fr\/wp-json\/wp\/v2\/types\/product"}],"wp:featuredmedia":[{"embeddable":true,"href":"https:\/\/malcanton.ch\/fr\/wp-json\/wp\/v2\/media\/3060"}],"wp:attachment":[{"href":"https:\/\/malcanton.ch\/fr\/wp-json\/wp\/v2\/media?parent=3059"}],"wp:term":[{"taxonomy":"product_brand","embeddable":true,"href":"https:\/\/malcanton.ch\/fr\/wp-json\/wp\/v2\/product_brand?post=3059"},{"taxonomy":"product_cat","embeddable":true,"href":"https:\/\/malcanton.ch\/fr\/wp-json\/wp\/v2\/product_cat?post=3059"},{"taxonomy":"product_tag","embeddable":true,"href":"https:\/\/malcanton.ch\/fr\/wp-json\/wp\/v2\/product_tag?post=3059"}],"curies":[{"name":"wp","href":"https:\/\/api.w.org\/{rel}","templated":true}]}}