{"id":3064,"date":"2024-11-20T15:33:33","date_gmt":"2024-11-20T14:33:33","guid":{"rendered":"https:\/\/malcanton.ch\/?post_type=product&#038;p=3064"},"modified":"2025-01-06T11:17:54","modified_gmt":"2025-01-06T10:17:54","slug":"renard-fou-blanc","status":"publish","type":"product","link":"https:\/\/malcanton.ch\/fr\/produit\/renard-fou-blanc\/","title":{"rendered":"Renard fou (blanc)"},"content":{"rendered":"<p>Merlot Bianco della Svizzera Italiana IGT<br \/>\nLa Volpe Matta est un vin caract\u00e9ris\u00e9 par sa l\u00e9g\u00e8ret\u00e9 et ses notes fruit\u00e9es et fra\u00eeches.<\/p>\n<p>C\u00e9pages : Merlot<\/p>\n<p>ZONE DE PRODUCTION : Monteggio<\/p>\n<p>VINIFICATION : Les raisins sont press\u00e9s d\u00e9licatement et le mo\u00fbt subit une fermentation prolong\u00e9e \u00e0 froid, id\u00e9ale pour exalter les ar\u00f4mes.<\/p>\n<p>D\u00c9GUSTATION : De couleur jaune paille brillant, il d\u00e9gage des ar\u00f4mes de fruits frais tels que la poire et l'abricot, accompagn\u00e9s de l\u00e9g\u00e8res notes \u00e9pic\u00e9es. En bouche, il pr\u00e9sente une structure mod\u00e9r\u00e9e, avec des notes caract\u00e9ristiques d'abricot et d'\u00e9pices, associ\u00e9es \u00e0 des tanins doux et enveloppants.<\/p>","protected":false},"excerpt":{"rendered":"<p>Merlot Bianco della Svizzera Italiana IGT<br \/>\nLa Volpe Matta est un vin caract\u00e9ris\u00e9 par sa l\u00e9g\u00e8ret\u00e9 et ses notes fruit\u00e9es et fra\u00eeches.<\/p>","protected":false},"featured_media":3061,"template":"","meta":[],"product_brand":[],"product_cat":[203],"product_tag":[],"class_list":{"0":"post-3064","1":"product","2":"type-product","3":"status-publish","4":"has-post-thumbnail","6":"product_cat-alimentari","7":"product_shipping_class-pacco","9":"first","10":"instock","11":"shipping-taxable","12":"purchasable","13":"product-type-simple"},"_links":{"self":[{"href":"https:\/\/malcanton.ch\/fr\/wp-json\/wp\/v2\/product\/3064","targetHints":{"allow":["GET"]}}],"collection":[{"href":"https:\/\/malcanton.ch\/fr\/wp-json\/wp\/v2\/product"}],"about":[{"href":"https:\/\/malcanton.ch\/fr\/wp-json\/wp\/v2\/types\/product"}],"wp:featuredmedia":[{"embeddable":true,"href":"https:\/\/malcanton.ch\/fr\/wp-json\/wp\/v2\/media\/3061"}],"wp:attachment":[{"href":"https:\/\/malcanton.ch\/fr\/wp-json\/wp\/v2\/media?parent=3064"}],"wp:term":[{"taxonomy":"product_brand","embeddable":true,"href":"https:\/\/malcanton.ch\/fr\/wp-json\/wp\/v2\/product_brand?post=3064"},{"taxonomy":"product_cat","embeddable":true,"href":"https:\/\/malcanton.ch\/fr\/wp-json\/wp\/v2\/product_cat?post=3064"},{"taxonomy":"product_tag","embeddable":true,"href":"https:\/\/malcanton.ch\/fr\/wp-json\/wp\/v2\/product_tag?post=3064"}],"curies":[{"name":"wp","href":"https:\/\/api.w.org\/{rel}","templated":true}]}}