{"id":3065,"date":"2024-11-20T15:35:11","date_gmt":"2024-11-20T14:35:11","guid":{"rendered":"https:\/\/malcanton.ch\/?post_type=product&#038;p=3065"},"modified":"2025-01-06T11:19:27","modified_gmt":"2025-01-06T10:19:27","slug":"renard-aile-blanc","status":"publish","type":"product","link":"https:\/\/malcanton.ch\/fr\/produit\/renard-aile-blanc\/","title":{"rendered":"Renard ail\u00e9 (blanc)"},"content":{"rendered":"<p>IGT Suisse, Chardonnay<br \/>\nR\u00e9colt\u00e9 aux heures les plus fra\u00eeches pour garder ses ar\u00f4mes intacts, ce vin se distingue par sa structure complexe.<\/p>\n<p>C\u00e9pages : Chardonnay<\/p>\n<p>ZONE DE PRODUCTION : Monteggio<\/p>\n<p>VINIFICATION : Les raisins sont press\u00e9s d\u00e9licatement et ferment\u00e9s en barriques. Apr\u00e8s la fermentation alcoolique et malolactique, le vin m\u00fbrit pendant 10 mois dans des barriques de diff\u00e9rents passages, d\u00e9veloppant un bouquet aromatique complexe et raffin\u00e9.<\/p>\n<p>NOTES DE D\u00c9GUSTATION : D'un jaune clair lumineux, il pr\u00e9sente des ar\u00f4mes \u00e9l\u00e9gants de fleurs, d'agrumes et de fruits exotiques. Les m\u00eames notes aromatiques se retrouvent en bouche, avec un caract\u00e8re fruit\u00e9 et min\u00e9ral \u00e9quilibr\u00e9.<\/p>","protected":false},"excerpt":{"rendered":"<p>IGT Suisse, Chardonnay<br \/>\nR\u00e9colt\u00e9 aux heures les plus fra\u00eeches pour garder ses ar\u00f4mes intacts, ce vin se distingue par sa structure complexe.<\/p>","protected":false},"featured_media":3062,"template":"","meta":[],"product_brand":[],"product_cat":[203],"product_tag":[],"class_list":{"0":"post-3065","1":"product","2":"type-product","3":"status-publish","4":"has-post-thumbnail","6":"product_cat-alimentari","7":"product_shipping_class-pacco","9":"first","10":"instock","11":"shipping-taxable","12":"purchasable","13":"product-type-simple"},"_links":{"self":[{"href":"https:\/\/malcanton.ch\/fr\/wp-json\/wp\/v2\/product\/3065","targetHints":{"allow":["GET"]}}],"collection":[{"href":"https:\/\/malcanton.ch\/fr\/wp-json\/wp\/v2\/product"}],"about":[{"href":"https:\/\/malcanton.ch\/fr\/wp-json\/wp\/v2\/types\/product"}],"wp:featuredmedia":[{"embeddable":true,"href":"https:\/\/malcanton.ch\/fr\/wp-json\/wp\/v2\/media\/3062"}],"wp:attachment":[{"href":"https:\/\/malcanton.ch\/fr\/wp-json\/wp\/v2\/media?parent=3065"}],"wp:term":[{"taxonomy":"product_brand","embeddable":true,"href":"https:\/\/malcanton.ch\/fr\/wp-json\/wp\/v2\/product_brand?post=3065"},{"taxonomy":"product_cat","embeddable":true,"href":"https:\/\/malcanton.ch\/fr\/wp-json\/wp\/v2\/product_cat?post=3065"},{"taxonomy":"product_tag","embeddable":true,"href":"https:\/\/malcanton.ch\/fr\/wp-json\/wp\/v2\/product_tag?post=3065"}],"curies":[{"name":"wp","href":"https:\/\/api.w.org\/{rel}","templated":true}]}}