{"id":3066,"date":"2024-11-20T15:36:15","date_gmt":"2024-11-20T14:36:15","guid":{"rendered":"https:\/\/malcanton.ch\/?post_type=product&#038;p=3066"},"modified":"2025-01-09T17:05:48","modified_gmt":"2025-01-09T16:05:48","slug":"keg-four-red","status":"publish","type":"product","link":"https:\/\/malcanton.ch\/fr\/produit\/keg-four-red\/","title":{"rendered":"Fustoquattro (rouge)"},"content":{"rendered":"<p><strong>Ticino DOC, Merlot di Monteggio<\/strong><br \/>\nLe Fustoquattro est un vin frais et fruit\u00e9, avec une structure l\u00e9g\u00e8re et des tanins velout\u00e9s, ce qui le rend agr\u00e9able et facile \u00e0 boire.<\/p>\n<p><strong>LES C\u00c9PAGES :<\/strong> Merlot<\/p>\n<p><strong>ZONE DE PRODUCTION :<\/strong> Monteggio, Sessa, Quartino<\/p>\n<p><strong>PROCESSUS DE VINIFICATION :<\/strong><br \/>\nPour obtenir une intensit\u00e9 aromatique optimale, le mo\u00fbt est mac\u00e9r\u00e9 \u00e0 froid puis press\u00e9 apr\u00e8s une courte fermentation, ce qui favorise les tanins d\u00e9licats. L'\u00e9levage et la stabilisation de l'acidit\u00e9 s'effectuent dans de grands f\u00fbts de bois traditionnels pendant pr\u00e8s d'un an.<\/p>","protected":false},"excerpt":{"rendered":"<p>Ticino DOC, Merlot di Monteggio.<br \/>\nLe Fustoquattro est un vin frais et fruit\u00e9, avec une structure l\u00e9g\u00e8re et des tanins velout\u00e9s, ce qui le rend agr\u00e9able et facile \u00e0 boire.<\/p>","protected":false},"featured_media":3063,"template":"","meta":[],"product_brand":[],"product_cat":[203],"product_tag":[],"class_list":{"0":"post-3066","1":"product","2":"type-product","3":"status-publish","4":"has-post-thumbnail","6":"product_cat-alimentari","7":"product_shipping_class-pacco","9":"first","10":"instock","11":"shipping-taxable","12":"purchasable","13":"product-type-simple"},"_links":{"self":[{"href":"https:\/\/malcanton.ch\/fr\/wp-json\/wp\/v2\/product\/3066","targetHints":{"allow":["GET"]}}],"collection":[{"href":"https:\/\/malcanton.ch\/fr\/wp-json\/wp\/v2\/product"}],"about":[{"href":"https:\/\/malcanton.ch\/fr\/wp-json\/wp\/v2\/types\/product"}],"wp:featuredmedia":[{"embeddable":true,"href":"https:\/\/malcanton.ch\/fr\/wp-json\/wp\/v2\/media\/3063"}],"wp:attachment":[{"href":"https:\/\/malcanton.ch\/fr\/wp-json\/wp\/v2\/media?parent=3066"}],"wp:term":[{"taxonomy":"product_brand","embeddable":true,"href":"https:\/\/malcanton.ch\/fr\/wp-json\/wp\/v2\/product_brand?post=3066"},{"taxonomy":"product_cat","embeddable":true,"href":"https:\/\/malcanton.ch\/fr\/wp-json\/wp\/v2\/product_cat?post=3066"},{"taxonomy":"product_tag","embeddable":true,"href":"https:\/\/malcanton.ch\/fr\/wp-json\/wp\/v2\/product_tag?post=3066"}],"curies":[{"name":"wp","href":"https:\/\/api.w.org\/{rel}","templated":true}]}}