{"id":4365,"date":"2025-01-05T11:26:50","date_gmt":"2025-01-05T10:26:50","guid":{"rendered":"https:\/\/malcanton.ch\/?post_type=product&#038;p=4365"},"modified":"2025-04-16T15:24:54","modified_gmt":"2025-04-16T13:24:54","slug":"shampooing-solide","status":"publish","type":"product","link":"https:\/\/malcanton.ch\/fr\/produit\/shampooing-solide\/","title":{"rendered":"Shampooing solide"},"content":{"rendered":"<p>Shampooing solide, 100% naturel et efficace.<br \/>\nPrix pour 1 shampoing.<\/p>\n<h3>3 cat\u00e9gories de shampoing :<\/h3>\n<p><strong>1.<\/strong> Pour les cheveux secs : <strong>AVEC<\/strong> huile de coco et beurre de karit\u00e9<br \/>\n<strong>Parfums<\/strong>Fraise, myrtille, mangue tropicale (**avec du beurre de mangue \u00e0 la place du beurre de karit\u00e9), vanille, orange et patchouli, bergamote, lavande tessinoise, p\u00e9tales de rose.<br \/>\n<strong>Ingr\u00e9dients<\/strong>Agents tensioactifs d'origine v\u00e9g\u00e9tale (noix de coco), eau distill\u00e9e, beurre de karit\u00e9, huile de coco, parfums : huile essentielle ou extrait aromatique naturel, colorant min\u00e9ral naturel.<\/p>\n<p><strong>2.<\/strong> Pour les cheveux gras : <strong>SANS<\/strong> huile de coco et beurre de karit\u00e9<br \/>\n<strong>Parfums<\/strong>Fraise, myrtille, vanille, orange et patchouli, bergamote, lavande tessinoise, p\u00e9tales de rose, pamplemousse.<br \/>\n<strong>Ingr\u00e9dients<\/strong>Agents de surface d'origine v\u00e9g\u00e9tale (noix de coco), eau distill\u00e9e, parfums : huile essentielle ou extrait aromatique naturel, colorant min\u00e9ral naturel.<\/p>\n<p><strong>3.<\/strong> Pour les <strong>CARE<\/strong> cheveux : avec des extraits de plantes et des ol\u00e9olites<br \/>\n<strong>Parfums<\/strong>: Romarin\/Ortica, Chanvre\/Ortica, Lavande\/Ortica<br \/>\n<strong>Ingr\u00e9dients<\/strong>: tensioactif d'origine v\u00e9g\u00e9tale (noix de coco), eau distill\u00e9e, ol\u00e9olyte v\u00e9g\u00e9tal (lavande, romarin, chanvreCBD), poudre d'extrait d'ortie, prot\u00e9ine de riz, huile essentielle (lavande, romarin cin\u00e9ole).<\/p>","protected":false},"excerpt":{"rendered":"<p>Shampoing solide, 100% naturel.<\/p>\n<p>Plusieurs parfums disponibles.<\/p>\n<p>Prix pour 1 shampoing.<\/p>","protected":false},"featured_media":4360,"template":"","meta":[],"product_brand":[],"product_cat":[204],"product_tag":[],"class_list":{"0":"post-4365","1":"product","2":"type-product","3":"status-publish","4":"has-post-thumbnail","6":"product_cat-cura-del-corpo","7":"product_shipping_class-pacco","9":"first","10":"instock","11":"shipping-taxable","12":"purchasable","13":"product-type-variable"},"_links":{"self":[{"href":"https:\/\/malcanton.ch\/fr\/wp-json\/wp\/v2\/product\/4365","targetHints":{"allow":["GET"]}}],"collection":[{"href":"https:\/\/malcanton.ch\/fr\/wp-json\/wp\/v2\/product"}],"about":[{"href":"https:\/\/malcanton.ch\/fr\/wp-json\/wp\/v2\/types\/product"}],"wp:featuredmedia":[{"embeddable":true,"href":"https:\/\/malcanton.ch\/fr\/wp-json\/wp\/v2\/media\/4360"}],"wp:attachment":[{"href":"https:\/\/malcanton.ch\/fr\/wp-json\/wp\/v2\/media?parent=4365"}],"wp:term":[{"taxonomy":"product_brand","embeddable":true,"href":"https:\/\/malcanton.ch\/fr\/wp-json\/wp\/v2\/product_brand?post=4365"},{"taxonomy":"product_cat","embeddable":true,"href":"https:\/\/malcanton.ch\/fr\/wp-json\/wp\/v2\/product_cat?post=4365"},{"taxonomy":"product_tag","embeddable":true,"href":"https:\/\/malcanton.ch\/fr\/wp-json\/wp\/v2\/product_tag?post=4365"}],"curies":[{"name":"wp","href":"https:\/\/api.w.org\/{rel}","templated":true}]}}