{"id":4375,"date":"2025-01-05T11:33:07","date_gmt":"2025-01-05T10:33:07","guid":{"rendered":"https:\/\/malcanton.ch\/?post_type=product&#038;p=4375"},"modified":"2025-01-17T15:51:43","modified_gmt":"2025-01-17T14:51:43","slug":"pommade-divers-parfums","status":"publish","type":"product","link":"https:\/\/malcanton.ch\/fr\/produit\/pommade-divers-parfums\/","title":{"rendered":"Pommade (diff\u00e9rents parfums)"},"content":{"rendered":"<p>Pommade \u00e0 la lavande, au romarin, au calendula ou \u00e0 l'arnica, pr\u00e9par\u00e9e \u00e0 partir de plantes de mon jardin de Vezio (Altomalcantone) dans de l'huile de ricin biologique.<br \/>\nMalcantone Propolis Pommade \u00e9galement disponible<\/p>\n<p>100% naturel et efficace<br \/>\n50 ml<\/p>","protected":false},"excerpt":{"rendered":"<p>Pommade \u00e0 la lavande, au romarin ou au calendula, avec des ol\u00e9olites d'huile de ricin fabriqu\u00e9es \u00e0 partir de plantes de mon jardin de Vezio (Alto Malcantone).<br \/>\nLa pommade \u00e0 la propolis Malcantone est \u00e9galement disponible.<\/p>\n<p>100% naturel<br \/>\n50 ml<\/p>","protected":false},"featured_media":4363,"template":"","meta":[],"product_brand":[],"product_cat":[204],"product_tag":[],"class_list":{"0":"post-4375","1":"product","2":"type-product","3":"status-publish","4":"has-post-thumbnail","6":"product_cat-cura-del-corpo","7":"product_shipping_class-pacco","9":"first","10":"instock","11":"shipping-taxable","12":"purchasable","13":"product-type-variable"},"_links":{"self":[{"href":"https:\/\/malcanton.ch\/fr\/wp-json\/wp\/v2\/product\/4375","targetHints":{"allow":["GET"]}}],"collection":[{"href":"https:\/\/malcanton.ch\/fr\/wp-json\/wp\/v2\/product"}],"about":[{"href":"https:\/\/malcanton.ch\/fr\/wp-json\/wp\/v2\/types\/product"}],"wp:featuredmedia":[{"embeddable":true,"href":"https:\/\/malcanton.ch\/fr\/wp-json\/wp\/v2\/media\/4363"}],"wp:attachment":[{"href":"https:\/\/malcanton.ch\/fr\/wp-json\/wp\/v2\/media?parent=4375"}],"wp:term":[{"taxonomy":"product_brand","embeddable":true,"href":"https:\/\/malcanton.ch\/fr\/wp-json\/wp\/v2\/product_brand?post=4375"},{"taxonomy":"product_cat","embeddable":true,"href":"https:\/\/malcanton.ch\/fr\/wp-json\/wp\/v2\/product_cat?post=4375"},{"taxonomy":"product_tag","embeddable":true,"href":"https:\/\/malcanton.ch\/fr\/wp-json\/wp\/v2\/product_tag?post=4375"}],"curies":[{"name":"wp","href":"https:\/\/api.w.org\/{rel}","templated":true}]}}