{"id":4381,"date":"2025-01-05T11:37:14","date_gmt":"2025-01-05T10:37:14","guid":{"rendered":"https:\/\/malcanton.ch\/?post_type=product&#038;p=4381"},"modified":"2025-01-17T15:37:21","modified_gmt":"2025-01-17T14:37:21","slug":"stick-a-levres","status":"publish","type":"product","link":"https:\/\/malcanton.ch\/fr\/produit\/stick-a-levres\/","title":{"rendered":"Stick \u00e0 l\u00e8vres"},"content":{"rendered":"<p>Stick \u00e0 l\u00e8vres, 100% naturel et efficace.<br \/>\nAu beurre de karit\u00e9, \u00e0 l'huile de coco, \u00e0 la cire d'abeille et \u00e0 la vitamine E<\/p>\n<p>Disponible en diff\u00e9rents parfums. (citron, gingembre, myrtille, cerise, vanille)<\/p>\n<p>Stick \u00e0 l\u00e8vres au chanvre, super hydratant<br \/>\navec de l'ol\u00e9olite de chanvreCBD, du beurre de karit\u00e9, de la cire d'abeille et de la vitamine E<\/p>","protected":false},"excerpt":{"rendered":"<p>Stick \u00e0 l\u00e8vres, 100% naturel.<br \/>\nAu beurre de karit\u00e9, \u00e0 l'huile de coco, \u00e0 la cire d'abeille.<\/p>\n<p>Disponible en diff\u00e9rents parfums.<\/p>","protected":false},"featured_media":4368,"template":"","meta":[],"product_brand":[],"product_cat":[204],"product_tag":[],"class_list":{"0":"post-4381","1":"product","2":"type-product","3":"status-publish","4":"has-post-thumbnail","6":"product_cat-cura-del-corpo","7":"product_shipping_class-lettera","9":"first","10":"instock","11":"shipping-taxable","12":"purchasable","13":"product-type-variable"},"_links":{"self":[{"href":"https:\/\/malcanton.ch\/fr\/wp-json\/wp\/v2\/product\/4381","targetHints":{"allow":["GET"]}}],"collection":[{"href":"https:\/\/malcanton.ch\/fr\/wp-json\/wp\/v2\/product"}],"about":[{"href":"https:\/\/malcanton.ch\/fr\/wp-json\/wp\/v2\/types\/product"}],"wp:featuredmedia":[{"embeddable":true,"href":"https:\/\/malcanton.ch\/fr\/wp-json\/wp\/v2\/media\/4368"}],"wp:attachment":[{"href":"https:\/\/malcanton.ch\/fr\/wp-json\/wp\/v2\/media?parent=4381"}],"wp:term":[{"taxonomy":"product_brand","embeddable":true,"href":"https:\/\/malcanton.ch\/fr\/wp-json\/wp\/v2\/product_brand?post=4381"},{"taxonomy":"product_cat","embeddable":true,"href":"https:\/\/malcanton.ch\/fr\/wp-json\/wp\/v2\/product_cat?post=4381"},{"taxonomy":"product_tag","embeddable":true,"href":"https:\/\/malcanton.ch\/fr\/wp-json\/wp\/v2\/product_tag?post=4381"}],"curies":[{"name":"wp","href":"https:\/\/api.w.org\/{rel}","templated":true}]}}