{"id":4464,"date":"2025-01-05T20:19:19","date_gmt":"2025-01-05T19:19:19","guid":{"rendered":"https:\/\/malcanton.ch\/?post_type=product&#038;p=4464"},"modified":"2025-01-05T22:12:33","modified_gmt":"2025-01-05T21:12:33","slug":"casier-a-vin","status":"publish","type":"product","link":"https:\/\/malcanton.ch\/fr\/produit\/casier-a-vin\/","title":{"rendered":"Porte-bouteilles"},"content":{"rendered":"<p>Refroidisseur \u00e0 vin avec insert en acier chrom\u00e9.<br \/>\nPi\u00e8ce unique, fabriqu\u00e9e \u00e0 la main.<\/p>\n<p>D'autres mod\u00e8les sont disponibles, \u00e9galement sur demande.<\/p>","protected":false},"excerpt":{"rendered":"<p>Refroidisseur \u00e0 vin avec insert en acier chrom\u00e9.<br \/>\nPi\u00e8ce unique, fabriqu\u00e9e \u00e0 la main.<\/p>\n<p>D'autres mod\u00e8les sont disponibles, \u00e9galement sur demande.<\/p>","protected":false},"featured_media":4448,"template":"","meta":[],"product_brand":[],"product_cat":[223],"product_tag":[],"class_list":{"0":"post-4464","1":"product","2":"type-product","3":"status-publish","4":"has-post-thumbnail","6":"product_cat-artigianato","7":"product_shipping_class-pacco","9":"first","10":"instock","11":"shipping-taxable","12":"purchasable","13":"product-type-simple"},"_links":{"self":[{"href":"https:\/\/malcanton.ch\/fr\/wp-json\/wp\/v2\/product\/4464","targetHints":{"allow":["GET"]}}],"collection":[{"href":"https:\/\/malcanton.ch\/fr\/wp-json\/wp\/v2\/product"}],"about":[{"href":"https:\/\/malcanton.ch\/fr\/wp-json\/wp\/v2\/types\/product"}],"wp:featuredmedia":[{"embeddable":true,"href":"https:\/\/malcanton.ch\/fr\/wp-json\/wp\/v2\/media\/4448"}],"wp:attachment":[{"href":"https:\/\/malcanton.ch\/fr\/wp-json\/wp\/v2\/media?parent=4464"}],"wp:term":[{"taxonomy":"product_brand","embeddable":true,"href":"https:\/\/malcanton.ch\/fr\/wp-json\/wp\/v2\/product_brand?post=4464"},{"taxonomy":"product_cat","embeddable":true,"href":"https:\/\/malcanton.ch\/fr\/wp-json\/wp\/v2\/product_cat?post=4464"},{"taxonomy":"product_tag","embeddable":true,"href":"https:\/\/malcanton.ch\/fr\/wp-json\/wp\/v2\/product_tag?post=4464"}],"curies":[{"name":"wp","href":"https:\/\/api.w.org\/{rel}","templated":true}]}}