{"id":4937,"date":"2025-01-14T17:00:48","date_gmt":"2025-01-14T16:00:48","guid":{"rendered":"https:\/\/malcanton.ch\/?post_type=product&#038;p=4937"},"modified":"2025-04-16T15:19:16","modified_gmt":"2025-04-16T13:19:16","slug":"trio-de-bocaux","status":"publish","type":"product","link":"https:\/\/malcanton.ch\/fr\/produit\/trio-de-bocaux\/","title":{"rendered":"Trio de bocaux"},"content":{"rendered":"<p>Le trio de pots pour 1 fleur ou brindille.<br \/>\nEn gr\u00e8s anthracite, d\u00e9cor\u00e9 de traces d'\u00e9mail blanc au pinceau.<br \/>\nHauteur env. 7,5,4 cm.<\/p>\n<p>Pi\u00e8ces uniques.<\/p>","protected":false},"excerpt":{"rendered":"<p>Le trio de pots pour 1 fleur ou brindille.<br \/>\nEn gr\u00e8s anthracite, d\u00e9cor\u00e9 de traces d'\u00e9mail blanc au pinceau.<br \/>\nHauteur env. 7,5,4 cm.<\/p>\n<p>Pi\u00e8ces uniques.<\/p>","protected":false},"featured_media":4934,"template":"","meta":[],"product_brand":[],"product_cat":[223],"product_tag":[],"class_list":{"0":"post-4937","1":"product","2":"type-product","3":"status-publish","4":"has-post-thumbnail","6":"product_cat-artigianato","7":"product_shipping_class-pacco","9":"first","10":"instock","11":"shipping-taxable","12":"purchasable","13":"product-type-simple"},"_links":{"self":[{"href":"https:\/\/malcanton.ch\/fr\/wp-json\/wp\/v2\/product\/4937","targetHints":{"allow":["GET"]}}],"collection":[{"href":"https:\/\/malcanton.ch\/fr\/wp-json\/wp\/v2\/product"}],"about":[{"href":"https:\/\/malcanton.ch\/fr\/wp-json\/wp\/v2\/types\/product"}],"wp:featuredmedia":[{"embeddable":true,"href":"https:\/\/malcanton.ch\/fr\/wp-json\/wp\/v2\/media\/4934"}],"wp:attachment":[{"href":"https:\/\/malcanton.ch\/fr\/wp-json\/wp\/v2\/media?parent=4937"}],"wp:term":[{"taxonomy":"product_brand","embeddable":true,"href":"https:\/\/malcanton.ch\/fr\/wp-json\/wp\/v2\/product_brand?post=4937"},{"taxonomy":"product_cat","embeddable":true,"href":"https:\/\/malcanton.ch\/fr\/wp-json\/wp\/v2\/product_cat?post=4937"},{"taxonomy":"product_tag","embeddable":true,"href":"https:\/\/malcanton.ch\/fr\/wp-json\/wp\/v2\/product_tag?post=4937"}],"curies":[{"name":"wp","href":"https:\/\/api.w.org\/{rel}","templated":true}]}}