{"id":4940,"date":"2025-01-14T17:06:33","date_gmt":"2025-01-14T16:06:33","guid":{"rendered":"https:\/\/malcanton.ch\/?post_type=product&#038;p=4940"},"modified":"2025-04-16T15:17:24","modified_gmt":"2025-04-16T13:17:24","slug":"bol-a-fruits","status":"publish","type":"product","link":"https:\/\/malcanton.ch\/fr\/produit\/bol-a-fruits\/","title":{"rendered":"Coupe \u00e0 fruits"},"content":{"rendered":"<p>Grand plat \u00e0 fruits en gr\u00e8s ocre et \u00e9mail vert turquoise.<br \/>\nMoul\u00e9 \u00e0 la main.<br \/>\nCouleurs vertes ou bleues.<\/p>\n<p>Pi\u00e8ce unique.<\/p>","protected":false},"excerpt":{"rendered":"<p>Grand plat \u00e0 fruits en gr\u00e8s ocre et \u00e9mail vert turquoise.<br \/>\nMoul\u00e9 \u00e0 la main.<br \/>\nCouleurs vertes ou bleues.<\/p>\n<p>Pi\u00e8ce unique.<\/p>","protected":false},"featured_media":4926,"template":"","meta":[],"product_brand":[],"product_cat":[223],"product_tag":[],"class_list":{"0":"post-4940","1":"product","2":"type-product","3":"status-publish","4":"has-post-thumbnail","6":"product_cat-artigianato","7":"product_shipping_class-pacco","9":"first","10":"instock","11":"shipping-taxable","12":"purchasable","13":"product-type-simple"},"_links":{"self":[{"href":"https:\/\/malcanton.ch\/fr\/wp-json\/wp\/v2\/product\/4940","targetHints":{"allow":["GET"]}}],"collection":[{"href":"https:\/\/malcanton.ch\/fr\/wp-json\/wp\/v2\/product"}],"about":[{"href":"https:\/\/malcanton.ch\/fr\/wp-json\/wp\/v2\/types\/product"}],"wp:featuredmedia":[{"embeddable":true,"href":"https:\/\/malcanton.ch\/fr\/wp-json\/wp\/v2\/media\/4926"}],"wp:attachment":[{"href":"https:\/\/malcanton.ch\/fr\/wp-json\/wp\/v2\/media?parent=4940"}],"wp:term":[{"taxonomy":"product_brand","embeddable":true,"href":"https:\/\/malcanton.ch\/fr\/wp-json\/wp\/v2\/product_brand?post=4940"},{"taxonomy":"product_cat","embeddable":true,"href":"https:\/\/malcanton.ch\/fr\/wp-json\/wp\/v2\/product_cat?post=4940"},{"taxonomy":"product_tag","embeddable":true,"href":"https:\/\/malcanton.ch\/fr\/wp-json\/wp\/v2\/product_tag?post=4940"}],"curies":[{"name":"wp","href":"https:\/\/api.w.org\/{rel}","templated":true}]}}