{"id":4941,"date":"2025-01-14T17:16:11","date_gmt":"2025-01-14T16:16:11","guid":{"rendered":"https:\/\/malcanton.ch\/?post_type=product&#038;p=4941"},"modified":"2025-04-16T15:17:16","modified_gmt":"2025-04-16T13:17:16","slug":"theiere","status":"publish","type":"product","link":"https:\/\/malcanton.ch\/fr\/produit\/theiere\/","title":{"rendered":"Th\u00e9i\u00e8re"},"content":{"rendered":"<p>Th\u00e9i\u00e8re en gr\u00e8s.<br \/>\nCouleur noir mat, tourn\u00e9.<\/p>\n<p>Pi\u00e8ce unique.<\/p>","protected":false},"excerpt":{"rendered":"<p>Th\u00e9i\u00e8re en gr\u00e8s.<br \/>\nCouleur noir mat, tourn\u00e9.<\/p>\n<p>Pi\u00e8ce unique.<\/p>","protected":false},"featured_media":4932,"template":"","meta":[],"product_brand":[],"product_cat":[223],"product_tag":[],"class_list":{"0":"post-4941","1":"product","2":"type-product","3":"status-publish","4":"has-post-thumbnail","6":"product_cat-artigianato","7":"product_shipping_class-pacco","9":"first","10":"instock","11":"shipping-taxable","12":"purchasable","13":"product-type-simple"},"_links":{"self":[{"href":"https:\/\/malcanton.ch\/fr\/wp-json\/wp\/v2\/product\/4941","targetHints":{"allow":["GET"]}}],"collection":[{"href":"https:\/\/malcanton.ch\/fr\/wp-json\/wp\/v2\/product"}],"about":[{"href":"https:\/\/malcanton.ch\/fr\/wp-json\/wp\/v2\/types\/product"}],"wp:featuredmedia":[{"embeddable":true,"href":"https:\/\/malcanton.ch\/fr\/wp-json\/wp\/v2\/media\/4932"}],"wp:attachment":[{"href":"https:\/\/malcanton.ch\/fr\/wp-json\/wp\/v2\/media?parent=4941"}],"wp:term":[{"taxonomy":"product_brand","embeddable":true,"href":"https:\/\/malcanton.ch\/fr\/wp-json\/wp\/v2\/product_brand?post=4941"},{"taxonomy":"product_cat","embeddable":true,"href":"https:\/\/malcanton.ch\/fr\/wp-json\/wp\/v2\/product_cat?post=4941"},{"taxonomy":"product_tag","embeddable":true,"href":"https:\/\/malcanton.ch\/fr\/wp-json\/wp\/v2\/product_tag?post=4941"}],"curies":[{"name":"wp","href":"https:\/\/api.w.org\/{rel}","templated":true}]}}