{"id":4942,"date":"2025-01-14T17:17:47","date_gmt":"2025-01-14T16:17:47","guid":{"rendered":"https:\/\/malcanton.ch\/?post_type=product&#038;p=4942"},"modified":"2025-04-16T15:17:06","modified_gmt":"2025-04-16T13:17:06","slug":"sucrier-2","status":"publish","type":"product","link":"https:\/\/malcanton.ch\/fr\/produit\/sucrier-2\/","title":{"rendered":"Sucrier"},"content":{"rendered":"<p>Sucrier avec cuill\u00e8re en gr\u00e8s \u00e9maill\u00e9 noir mat.<\/p>\n<p>Pi\u00e8ce unique.<\/p>","protected":false},"excerpt":{"rendered":"<p>Sucrier avec cuill\u00e8re en gr\u00e8s \u00e9maill\u00e9 noir mat.<\/p>\n<p>Pi\u00e8ce unique.<\/p>","protected":false},"featured_media":4935,"template":"","meta":[],"product_brand":[],"product_cat":[223],"product_tag":[],"class_list":{"0":"post-4942","1":"product","2":"type-product","3":"status-publish","4":"has-post-thumbnail","6":"product_cat-artigianato","7":"product_shipping_class-pacco","9":"first","10":"instock","11":"shipping-taxable","12":"purchasable","13":"product-type-simple"},"_links":{"self":[{"href":"https:\/\/malcanton.ch\/fr\/wp-json\/wp\/v2\/product\/4942","targetHints":{"allow":["GET"]}}],"collection":[{"href":"https:\/\/malcanton.ch\/fr\/wp-json\/wp\/v2\/product"}],"about":[{"href":"https:\/\/malcanton.ch\/fr\/wp-json\/wp\/v2\/types\/product"}],"wp:featuredmedia":[{"embeddable":true,"href":"https:\/\/malcanton.ch\/fr\/wp-json\/wp\/v2\/media\/4935"}],"wp:attachment":[{"href":"https:\/\/malcanton.ch\/fr\/wp-json\/wp\/v2\/media?parent=4942"}],"wp:term":[{"taxonomy":"product_brand","embeddable":true,"href":"https:\/\/malcanton.ch\/fr\/wp-json\/wp\/v2\/product_brand?post=4942"},{"taxonomy":"product_cat","embeddable":true,"href":"https:\/\/malcanton.ch\/fr\/wp-json\/wp\/v2\/product_cat?post=4942"},{"taxonomy":"product_tag","embeddable":true,"href":"https:\/\/malcanton.ch\/fr\/wp-json\/wp\/v2\/product_tag?post=4942"}],"curies":[{"name":"wp","href":"https:\/\/api.w.org\/{rel}","templated":true}]}}