{"id":4949,"date":"2025-01-17T16:35:05","date_gmt":"2025-01-17T15:35:05","guid":{"rendered":"https:\/\/malcanton.ch\/?post_type=product&#038;p=4949"},"modified":"2025-01-17T16:35:05","modified_gmt":"2025-01-17T15:35:05","slug":"chaussettes-chaudes-dale","status":"publish","type":"product","link":"https:\/\/malcanton.ch\/fr\/produit\/chaussettes-chaudes-dale\/","title":{"rendered":"Les chaussettes chaudes d'Ale"},"content":{"rendered":"<p>Composition : laine 75%, polyamide 25%<br \/>\nLaver \u00e0 30\u00b0C avec un d\u00e9tergent doux sans assouplissant.<\/p>\n<p>Sur demande : diff\u00e9rentes couleurs et diff\u00e9rents num\u00e9ros.<\/p>","protected":false},"excerpt":{"rendered":"<p>Composition : laine 75%, polyamide 25%<br \/>\nLaver \u00e0 30\u00b0C avec un d\u00e9tergent doux sans assouplissant.<\/p>\n<p>Sur demande : diff\u00e9rentes couleurs et diff\u00e9rents num\u00e9ros.<\/p>","protected":false},"featured_media":4950,"template":"","meta":[],"product_brand":[],"product_cat":[225],"product_tag":[],"class_list":{"0":"post-4949","1":"product","2":"type-product","3":"status-publish","4":"has-post-thumbnail","6":"product_cat-tessile","7":"product_shipping_class-pacco","9":"first","10":"instock","11":"shipping-taxable","12":"purchasable","13":"product-type-simple"},"_links":{"self":[{"href":"https:\/\/malcanton.ch\/fr\/wp-json\/wp\/v2\/product\/4949","targetHints":{"allow":["GET"]}}],"collection":[{"href":"https:\/\/malcanton.ch\/fr\/wp-json\/wp\/v2\/product"}],"about":[{"href":"https:\/\/malcanton.ch\/fr\/wp-json\/wp\/v2\/types\/product"}],"wp:featuredmedia":[{"embeddable":true,"href":"https:\/\/malcanton.ch\/fr\/wp-json\/wp\/v2\/media\/4950"}],"wp:attachment":[{"href":"https:\/\/malcanton.ch\/fr\/wp-json\/wp\/v2\/media?parent=4949"}],"wp:term":[{"taxonomy":"product_brand","embeddable":true,"href":"https:\/\/malcanton.ch\/fr\/wp-json\/wp\/v2\/product_brand?post=4949"},{"taxonomy":"product_cat","embeddable":true,"href":"https:\/\/malcanton.ch\/fr\/wp-json\/wp\/v2\/product_cat?post=4949"},{"taxonomy":"product_tag","embeddable":true,"href":"https:\/\/malcanton.ch\/fr\/wp-json\/wp\/v2\/product_tag?post=4949"}],"curies":[{"name":"wp","href":"https:\/\/api.w.org\/{rel}","templated":true}]}}