{"id":5426,"date":"2025-04-15T15:31:07","date_gmt":"2025-04-15T13:31:07","guid":{"rendered":"https:\/\/malcanton.ch\/?post_type=product&#038;p=5426"},"modified":"2025-04-16T15:11:22","modified_gmt":"2025-04-16T13:11:22","slug":"bracelet-en-onyx-2","status":"publish","type":"product","link":"https:\/\/malcanton.ch\/fr\/produit\/bracelet-en-onyx-2\/","title":{"rendered":"Bracelet en onyx"},"content":{"rendered":"<p>Bracelet fait main avec onyx, perles et amazonite.<\/p>\n<p>Non inclus (mais peut \u00eatre achet\u00e9 s\u00e9par\u00e9ment) :<br \/>\n- boucles d'oreilles en amazonite<\/p>","protected":false},"excerpt":{"rendered":"<p>Bracelet fait main avec onyx, perles et amazonite.<\/p>\n<p>Non inclus (mais peut \u00eatre achet\u00e9 s\u00e9par\u00e9ment) :<br \/>\n- boucles d'oreilles en amazonite<\/p>","protected":false},"featured_media":5420,"template":"","meta":[],"product_brand":[],"product_cat":[223],"product_tag":[],"class_list":{"0":"post-5426","1":"product","2":"type-product","3":"status-publish","4":"has-post-thumbnail","6":"product_cat-artigianato","7":"product_shipping_class-lettera","9":"first","10":"instock","11":"shipping-taxable","12":"purchasable","13":"product-type-variable"},"_links":{"self":[{"href":"https:\/\/malcanton.ch\/fr\/wp-json\/wp\/v2\/product\/5426","targetHints":{"allow":["GET"]}}],"collection":[{"href":"https:\/\/malcanton.ch\/fr\/wp-json\/wp\/v2\/product"}],"about":[{"href":"https:\/\/malcanton.ch\/fr\/wp-json\/wp\/v2\/types\/product"}],"wp:featuredmedia":[{"embeddable":true,"href":"https:\/\/malcanton.ch\/fr\/wp-json\/wp\/v2\/media\/5420"}],"wp:attachment":[{"href":"https:\/\/malcanton.ch\/fr\/wp-json\/wp\/v2\/media?parent=5426"}],"wp:term":[{"taxonomy":"product_brand","embeddable":true,"href":"https:\/\/malcanton.ch\/fr\/wp-json\/wp\/v2\/product_brand?post=5426"},{"taxonomy":"product_cat","embeddable":true,"href":"https:\/\/malcanton.ch\/fr\/wp-json\/wp\/v2\/product_cat?post=5426"},{"taxonomy":"product_tag","embeddable":true,"href":"https:\/\/malcanton.ch\/fr\/wp-json\/wp\/v2\/product_tag?post=5426"}],"curies":[{"name":"wp","href":"https:\/\/api.w.org\/{rel}","templated":true}]}}