{"id":5429,"date":"2025-04-15T15:37:48","date_gmt":"2025-04-15T13:37:48","guid":{"rendered":"https:\/\/malcanton.ch\/?post_type=product&#038;p=5429"},"modified":"2025-04-16T15:11:11","modified_gmt":"2025-04-16T13:11:11","slug":"bracelet-en-onyx-perles-et-andenopalme","status":"publish","type":"product","link":"https:\/\/malcanton.ch\/fr\/produit\/bracelet-en-onyx-perles-et-andenopalme\/","title":{"rendered":"Bracelet en onyx, perles et and\u00e9nope"},"content":{"rendered":"<p>Bracelet fait main en onyx, perles et andenopal.<\/p>\n<p>Non inclus (mais peut \u00eatre achet\u00e9 s\u00e9par\u00e9ment) :<br \/>\n- boucles d'oreilles andenopal<\/p>","protected":false},"excerpt":{"rendered":"<p>Bracelet fait main en onyx, perles et andenopal.<\/p>\n<p>Non inclus (mais peut \u00eatre achet\u00e9 s\u00e9par\u00e9ment) :<br \/>\n- boucles d'oreilles andenopal<\/p>","protected":false},"featured_media":5419,"template":"","meta":[],"product_brand":[],"product_cat":[223],"product_tag":[],"class_list":{"0":"post-5429","1":"product","2":"type-product","3":"status-publish","4":"has-post-thumbnail","6":"product_cat-artigianato","7":"product_shipping_class-lettera","9":"first","10":"instock","11":"shipping-taxable","12":"purchasable","13":"product-type-variable"},"_links":{"self":[{"href":"https:\/\/malcanton.ch\/fr\/wp-json\/wp\/v2\/product\/5429","targetHints":{"allow":["GET"]}}],"collection":[{"href":"https:\/\/malcanton.ch\/fr\/wp-json\/wp\/v2\/product"}],"about":[{"href":"https:\/\/malcanton.ch\/fr\/wp-json\/wp\/v2\/types\/product"}],"wp:featuredmedia":[{"embeddable":true,"href":"https:\/\/malcanton.ch\/fr\/wp-json\/wp\/v2\/media\/5419"}],"wp:attachment":[{"href":"https:\/\/malcanton.ch\/fr\/wp-json\/wp\/v2\/media?parent=5429"}],"wp:term":[{"taxonomy":"product_brand","embeddable":true,"href":"https:\/\/malcanton.ch\/fr\/wp-json\/wp\/v2\/product_brand?post=5429"},{"taxonomy":"product_cat","embeddable":true,"href":"https:\/\/malcanton.ch\/fr\/wp-json\/wp\/v2\/product_cat?post=5429"},{"taxonomy":"product_tag","embeddable":true,"href":"https:\/\/malcanton.ch\/fr\/wp-json\/wp\/v2\/product_tag?post=5429"}],"curies":[{"name":"wp","href":"https:\/\/api.w.org\/{rel}","templated":true}]}}