{"id":5432,"date":"2025-04-15T15:41:17","date_gmt":"2025-04-15T13:41:17","guid":{"rendered":"https:\/\/malcanton.ch\/?post_type=product&#038;p=5432"},"modified":"2025-04-16T15:10:59","modified_gmt":"2025-04-16T13:10:59","slug":"bracelet-en-onyx-avec-pendentif","status":"publish","type":"product","link":"https:\/\/malcanton.ch\/fr\/produit\/bracelet-en-onyx-avec-pendentif\/","title":{"rendered":"bracelet en onyx avec pendentif"},"content":{"rendered":"<p>Bracelet unique, en onyx, r\u00e9alis\u00e9 enti\u00e8rement \u00e0 la main.<\/p>\n<p>Disponible en 3 variantes :<\/p>\n<ol>\n<li>bouddha<\/li>\n<li>spirale<\/li>\n<li>insert en onyx<\/li>\n<\/ol>","protected":false},"excerpt":{"rendered":"<p>Bracelet unique, en onyx, r\u00e9alis\u00e9 enti\u00e8rement \u00e0 la main.<\/p>","protected":false},"featured_media":5418,"template":"","meta":[],"product_brand":[],"product_cat":[223],"product_tag":[],"class_list":{"0":"post-5432","1":"product","2":"type-product","3":"status-publish","4":"has-post-thumbnail","6":"product_cat-artigianato","7":"product_shipping_class-lettera","9":"first","10":"instock","11":"shipping-taxable","12":"purchasable","13":"product-type-variable"},"_links":{"self":[{"href":"https:\/\/malcanton.ch\/fr\/wp-json\/wp\/v2\/product\/5432","targetHints":{"allow":["GET"]}}],"collection":[{"href":"https:\/\/malcanton.ch\/fr\/wp-json\/wp\/v2\/product"}],"about":[{"href":"https:\/\/malcanton.ch\/fr\/wp-json\/wp\/v2\/types\/product"}],"wp:featuredmedia":[{"embeddable":true,"href":"https:\/\/malcanton.ch\/fr\/wp-json\/wp\/v2\/media\/5418"}],"wp:attachment":[{"href":"https:\/\/malcanton.ch\/fr\/wp-json\/wp\/v2\/media?parent=5432"}],"wp:term":[{"taxonomy":"product_brand","embeddable":true,"href":"https:\/\/malcanton.ch\/fr\/wp-json\/wp\/v2\/product_brand?post=5432"},{"taxonomy":"product_cat","embeddable":true,"href":"https:\/\/malcanton.ch\/fr\/wp-json\/wp\/v2\/product_cat?post=5432"},{"taxonomy":"product_tag","embeddable":true,"href":"https:\/\/malcanton.ch\/fr\/wp-json\/wp\/v2\/product_tag?post=5432"}],"curies":[{"name":"wp","href":"https:\/\/api.w.org\/{rel}","templated":true}]}}