{"id":5440,"date":"2025-04-15T15:52:02","date_gmt":"2025-04-15T13:52:02","guid":{"rendered":"https:\/\/malcanton.ch\/?post_type=product&#038;p=5440"},"modified":"2025-04-16T15:10:39","modified_gmt":"2025-04-16T13:10:39","slug":"collier-en-granit","status":"publish","type":"product","link":"https:\/\/malcanton.ch\/fr\/produit\/collier-en-granit\/","title":{"rendered":"Collier de granit"},"content":{"rendered":"<p>Collier en granit enti\u00e8rement r\u00e9alis\u00e9 \u00e0 la main.<\/p>\n<p>Non inclus (mais peut \u00eatre achet\u00e9 s\u00e9par\u00e9ment) :<\/p>\n<ul>\n<li>bracelet<\/li>\n<li>boucles d'oreilles<\/li>\n<\/ul>","protected":false},"excerpt":{"rendered":"<p>Collier en granit enti\u00e8rement r\u00e9alis\u00e9 \u00e0 la main.<\/p>\n<p>Non inclus (mais peut \u00eatre achet\u00e9 s\u00e9par\u00e9ment) :<\/p>\n<ul>\n<li>bracelet<\/li>\n<li>boucles d'oreilles<\/li>\n<\/ul>","protected":false},"featured_media":5416,"template":"","meta":[],"product_brand":[],"product_cat":[223],"product_tag":[],"class_list":{"0":"post-5440","1":"product","2":"type-product","3":"status-publish","4":"has-post-thumbnail","6":"product_cat-artigianato","7":"product_shipping_class-lettera","9":"first","10":"instock","11":"shipping-taxable","12":"purchasable","13":"product-type-variable"},"_links":{"self":[{"href":"https:\/\/malcanton.ch\/fr\/wp-json\/wp\/v2\/product\/5440","targetHints":{"allow":["GET"]}}],"collection":[{"href":"https:\/\/malcanton.ch\/fr\/wp-json\/wp\/v2\/product"}],"about":[{"href":"https:\/\/malcanton.ch\/fr\/wp-json\/wp\/v2\/types\/product"}],"wp:featuredmedia":[{"embeddable":true,"href":"https:\/\/malcanton.ch\/fr\/wp-json\/wp\/v2\/media\/5416"}],"wp:attachment":[{"href":"https:\/\/malcanton.ch\/fr\/wp-json\/wp\/v2\/media?parent=5440"}],"wp:term":[{"taxonomy":"product_brand","embeddable":true,"href":"https:\/\/malcanton.ch\/fr\/wp-json\/wp\/v2\/product_brand?post=5440"},{"taxonomy":"product_cat","embeddable":true,"href":"https:\/\/malcanton.ch\/fr\/wp-json\/wp\/v2\/product_cat?post=5440"},{"taxonomy":"product_tag","embeddable":true,"href":"https:\/\/malcanton.ch\/fr\/wp-json\/wp\/v2\/product_tag?post=5440"}],"curies":[{"name":"wp","href":"https:\/\/api.w.org\/{rel}","templated":true}]}}