{"id":6170,"date":"2026-04-23T14:59:03","date_gmt":"2026-04-23T12:59:03","guid":{"rendered":"https:\/\/malcanton.ch\/?post_type=product&#038;p=6170"},"modified":"2026-05-05T21:03:14","modified_gmt":"2026-05-05T19:03:14","slug":"inscription-au-programme-humain-1-0-20-21-juin-2026","status":"publish","type":"product","link":"https:\/\/malcanton.ch\/fr\/produit\/inscription-au-programme-humain-1-0-20-21-juin-2026\/","title":{"rendered":"Inscription \u00e0 UMAN 1.0"},"content":{"rendered":"<div class=\"page\" title=\"Page 2\">\n<div class=\"layoutArea\">\n<div class=\"column\">\n<div class=\"page\" title=\"Page 2\">\n<div class=\"layoutArea\">\n<div class=\"column\">\n<p>Ce week-end, on n'ach\u00e8te pas une exp\u00e9rience : on la construit, pas \u00e0 pas, avec ceux qui, comme vous, ont d\u00e9cid\u00e9 que l'homme n'est pas n\u00e9 pour marcher sur du faux asphalte avec des chaussures \u00e0 la mode, mais pour enfoncer ses pieds nus dans la terre et la sentir vivante.<\/p>\n<p>Il est temps de revenir aux ORIGINES, de sentir le froid sur la peau, de savourer le risque et d'\u00e9couter le silence qui vous parle \u00e0 l'int\u00e9rieur.<\/p>\n<p>Il n'est pas n\u00e9cessaire de se pr\u00e9senter ici<strong> \u00caTRE.<\/strong><\/p>\n<\/div>\n<\/div>\n<\/div>\n<p><strong>Programme sp\u00e9cifique \u00e0 suivre.<\/strong><\/p>\n<\/div>\n<\/div>\n<\/div>","protected":false},"excerpt":{"rendered":"<p>In questo weekend non compri un\u2019esperienza: la costruisci, passo dopo passo, con chi come te ha deciso che l\u2019uomo non e\u0300 nato per camminare sul&hellip;<\/p>","protected":false},"featured_media":6171,"template":"","meta":[],"product_brand":[],"product_cat":[203],"product_tag":[],"class_list":{"0":"post-6170","1":"product","2":"type-product","3":"status-publish","4":"has-post-thumbnail","6":"product_cat-alimentari","8":"first","9":"instock","10":"virtual","11":"purchasable","12":"product-type-simple"},"_links":{"self":[{"href":"https:\/\/malcanton.ch\/fr\/wp-json\/wp\/v2\/product\/6170","targetHints":{"allow":["GET"]}}],"collection":[{"href":"https:\/\/malcanton.ch\/fr\/wp-json\/wp\/v2\/product"}],"about":[{"href":"https:\/\/malcanton.ch\/fr\/wp-json\/wp\/v2\/types\/product"}],"wp:featuredmedia":[{"embeddable":true,"href":"https:\/\/malcanton.ch\/fr\/wp-json\/wp\/v2\/media\/6171"}],"wp:attachment":[{"href":"https:\/\/malcanton.ch\/fr\/wp-json\/wp\/v2\/media?parent=6170"}],"wp:term":[{"taxonomy":"product_brand","embeddable":true,"href":"https:\/\/malcanton.ch\/fr\/wp-json\/wp\/v2\/product_brand?post=6170"},{"taxonomy":"product_cat","embeddable":true,"href":"https:\/\/malcanton.ch\/fr\/wp-json\/wp\/v2\/product_cat?post=6170"},{"taxonomy":"product_tag","embeddable":true,"href":"https:\/\/malcanton.ch\/fr\/wp-json\/wp\/v2\/product_tag?post=6170"}],"curies":[{"name":"wp","href":"https:\/\/api.w.org\/{rel}","templated":true}]}}